{"id":32505,"date":"2021-09-27T15:24:36","date_gmt":"2021-09-27T15:24:36","guid":{"rendered":"https:\/\/fundacionlazaro.es\/declaracio-de-confidencialitat-ue\/"},"modified":"2025-05-13T13:24:52","modified_gmt":"2025-05-13T13:24:52","slug":"declaracio-de-confidencialitat-ue","status":"publish","type":"page","link":"https:\/\/fundacionlazaro.es\/ca\/declaracio-de-confidencialitat-ue\/","title":{"rendered":"Declaraci\u00f3 de confidencialitat (UE)"},"content":{"rendered":"\n<p><em>Esta declaraci\u00f3n de privacidad se actualiz\u00f3 por \u00faltima vez el 13 de marzo, 2025 y se aplica a los ciudadanos y residentes legales permanentes del Espacio Econ\u00f3mico Europeo y Suiza.<\/em><\/p>\n\n<p>En esta declaraci\u00f3n de privacidad, explicamos lo que hacemos con los datos que obtenemos sobre usted a trav\u00e9s de https:\/\/fundacionlazaro.es. Le recomendamos que lea atentamente esta declaraci\u00f3n. En nuestro procesamiento cumplimos con los requisitos de la legislaci\u00f3n de privacidad. Lo que significa, entre otras cosas, que:<\/p>\n\n<ul class=\"wp-block-list\">\n<li>indicamos claramente los fines para los que procesamos los datos personales. Hacemos esto por medio de esta declaraci\u00f3n de privacidad.<\/li>\n\n\n\n<li>nos proponemos limitar nuestra recopilaci\u00f3n de datos personales a los datos personales necesarios para fines leg\u00edtimos;<\/li>\n\n\n\n<li>en primer lugar, solicitamos su consentimiento expl\u00edcito para el tratamiento de sus datos personales en los casos en que sea necesario.<\/li>\n\n\n\n<li>tomamos las medidas de seguridad adecuadas para proteger sus datos personales y tambi\u00e9n lo exigimos a las partes que procesan datos personales en nuestro nombre;<\/li>\n\n\n\n<li>respetamos su derecho a acceder, rectificar o cancelar sus datos personales previa solicitud.<\/li>\n<\/ul>\n\n<p>Si tiene alguna pregunta o quiere saber exactamente qu\u00e9 datos guardamos de usted, p\u00f3ngase en contacto con nosotros.<\/p>\n\n<h2 class=\"wp-block-heading\">1. Prop\u00f3sito, datos y periodo de retenci\u00f3n<\/h2>\n\n<p>Podemos recopilar o recibir informaci\u00f3n personal para un n\u00famero de prop\u00f3sitos relacionados con nuestras operaciones comerciales, que pueden incluir lo siguiente: (haga clic para expandir)<\/p>\n\n<h3 class=\"wp-block-heading\">1.1 Contacto &#8211; Por tel\u00e9fono, correo, correo electr\u00f3nico y\/o formularios en el sitio<\/h3>\n\n<p>Para ello utilizamos los siguientes datos:<\/p>\n\n<ul class=\"wp-block-list\">\n<li>Un nombre y apellido<\/li>\n\n\n\n<li>Una direcci\u00f3n de casa u otra direcci\u00f3n f\u00edsica, incluyendo el nombre de la calle y el nombre de una ciudad o pueblo<\/li>\n\n\n\n<li>Una direcci\u00f3n de correo electr\u00f3nico<\/li>\n\n\n\n<li>Fecha de nacimiento<\/li>\n\n\n\n<li>Sexo<\/li>\n\n\n\n<li>Un n\u00famero de tel\u00e9fono<\/li>\n<\/ul>\n\n<p>La base sobre la que podemos procesar estos datos es:<\/p>\n\n<p><a href=\"https:\/\/cookiedatabase.org\/legal-bases\/#consent\" target=\"_blank\" rel=\"noreferrer noopener\">Tras la prestaci\u00f3n del consentimiento.<\/a><\/p>\n\n<p>Per\u00edodo de retenci\u00f3n<\/p>\n\n<p>Conservamos estos datos tras la finalizaci\u00f3n del servicio durante el siguiente n\u00famero de meses: 24<\/p>\n\n<h3 class=\"wp-block-heading\">1.2 Pagos<\/h3>\n\n<p>Para ello utilizamos los siguientes datos:<\/p>\n\n<ul class=\"wp-block-list\">\n<li>Un nombre y apellido<\/li>\n\n\n\n<li>Una direcci\u00f3n de casa u otra direcci\u00f3n f\u00edsica, incluyendo el nombre de la calle y el nombre de una ciudad o pueblo<\/li>\n\n\n\n<li>Una direcci\u00f3n de correo electr\u00f3nico<\/li>\n<\/ul>\n\n<p>La base sobre la que podemos procesar estos datos es:<\/p>\n\n<p><a href=\"https:\/\/cookiedatabase.org\/legal-bases\/#consent\" target=\"_blank\" rel=\"noreferrer noopener\">Tras la prestaci\u00f3n del consentimiento.<\/a><\/p>\n\n<p>Per\u00edodo de retenci\u00f3n<\/p>\n\n<p>Conservamos estos datos tras la finalizaci\u00f3n del servicio durante el siguiente n\u00famero de meses: 24<\/p>\n\n<h3 class=\"wp-block-heading\">1.3 Boletines de noticias<\/h3>\n\n<p>Para ello utilizamos los siguientes datos:<\/p>\n\n<ul class=\"wp-block-list\">\n<li>Una direcci\u00f3n de correo electr\u00f3nico<\/li>\n<\/ul>\n\n<p>La base sobre la que podemos procesar estos datos es:<\/p>\n\n<p><a href=\"https:\/\/cookiedatabase.org\/legal-bases\/#consent\" target=\"_blank\" rel=\"noreferrer noopener\">Tras la prestaci\u00f3n del consentimiento.<\/a><\/p>\n\n<p>Per\u00edodo de retenci\u00f3n<\/p>\n\n<p>Conservamos estos datos tras la finalizaci\u00f3n del servicio durante el siguiente n\u00famero de meses: 24<\/p>\n\n<h2 class=\"wp-block-heading\">2. Compartir con otras partes<\/h2>\n\n<p>S\u00f3lo compartimos o divulgamos estos datos a los encargados del tratamiento de datos para los siguientes prop\u00f3sitos:<\/p>\n\n<p>Encargados del tratamiento de datos<\/p>\n\n<p><strong>Nombre:<\/strong>\u00a0Varjak&#13;\n<strong>Pa\u00eds:<\/strong>\u00a0Francia&#13;\n<strong>Prop\u00f3sito:<\/strong>\u00a0Transmitir informaci\u00f3n entre diferentes interfaces&#13;\n<strong>Nombre:<\/strong>\u00a0Stripe&#13;\n<strong>Pa\u00eds:<\/strong>\u00a0Estados Unidos&#13;\n<strong>Prop\u00f3sito:<\/strong>\u00a0Tratamiento de los datos de pago recibidos en el sitio<\/p>\n\n<h2 class=\"wp-block-heading\">3. Cookies<\/h2>\n\n<p>Nuestra web utiliza cookies. Para m\u00e1s informaci\u00f3n acerca de las cookies, por favor consulte nuestra\u00a0<a href=\"https:\/\/fundacionlazaro.es\/ca\/politica-de-cookies-eu\/\" target=\"_blank\" rel=\"noopener\">Pol\u00edtica de cookies<\/a>.<\/p>\n\n<h2 class=\"wp-block-heading\">4. Pr\u00e1cticas de divulgaci\u00f3n<\/h2>\n\n<p>Divulgamos informaci\u00f3n personal si nos lo exige la ley o una orden judicial, en respuesta a un organismo encargado de hacer cumplir la ley, en la medida en que lo permitan otras disposiciones legales, para proporcionar informaci\u00f3n o para una investigaci\u00f3n sobre un asunto relacionado con la seguridad p\u00fablica.<\/p>\n\n<p>Si nuestro sitio web o nuestra organizaci\u00f3n son adquiridos, vendidos o participan en una fusi\u00f3n o adquisici\u00f3n, sus datos podr\u00e1n ser revelados a nuestros asesores y a los posibles compradores, y se transmitir\u00e1n a los nuevos propietarios.<\/p>\n\n<p>Tenemos un Acuerdo de procesamiento de datos con Google.<\/p>\n\n<h2 class=\"wp-block-heading\">5. Seguridad<\/h2>\n\n<p>Estamos comprometidos con la seguridad de los datos personales. Tomamos las medidas de seguridad adecuadas para limitar el abuso y el acceso no autorizado a los datos personales. Esto asegura que s\u00f3lo las personas necesarias tengan acceso a sus datos, que el acceso a los datos est\u00e9 protegido y que nuestras medidas de seguridad sean revisadas regularmente.<\/p>\n\n<h2 class=\"wp-block-heading\">6. Webs de terceros<\/h2>\n\n<p>Esta declaraci\u00f3n de privacidad no se aplica a las webs de terceros conectados mediante enlaces en nuestra web. No podemos garantizar que estas terceras partes manejen sus datos personales de forma fiable o segura. Le recomendamos que lea las declaraciones de privacidad de estas webs antes de utilizarlos.<\/p>\n\n<h2 class=\"wp-block-heading\">7. Modificaciones de esta declaraci\u00f3n de privacidad<\/h2>\n\n<p>Nos reservamos el derecho de hacer enmiendas a esta declaraci\u00f3n de privacidad. Se recomienda que consulte esta declaraci\u00f3n de privacidad regularmente para estar al tanto de cualquier cambio. Adem\u00e1s, le informaremos activamente siempre que sea posible.<\/p>\n\n<h2 class=\"wp-block-heading\">8. Acceso y modificaci\u00f3n de sus datos<\/h2>\n\n<p>Si tiene alguna pregunta o desea saber qu\u00e9 datos personales tenemos sobre usted, p\u00f3ngase en contacto con nosotros. Puede ponerse en contacto con nosotros utilizando la siguiente informaci\u00f3n. Usted tiene los siguientes derechos:<\/p>\n\n<ul class=\"wp-block-list\">\n<li>Usted tiene derecho a saber por qu\u00e9 se necesitan sus datos personales, qu\u00e9 suceder\u00e1 con ellos y durante cu\u00e1nto tiempo se conservar\u00e1n.<\/li>\n\n\n\n<li>Derecho de acceso: Tiene derecho a acceder a los datos personales que conocemos sobre usted.<\/li>\n\n\n\n<li>Derecho de rectificaci\u00f3n: tiene derecho a completar, rectificar, borrar o bloquear sus datos personales cuando lo desee.<\/li>\n\n\n\n<li>Si usted nos da su consentimiento para procesar sus datos, tiene derecho a revocar dicho consentimiento y a que se eliminen sus datos personales.<\/li>\n\n\n\n<li>Derecho de cesi\u00f3n de sus datos: tiene derecho a solicitar todos sus datos personales al responsable y a transferirlos \u00edntegramente a otro responsable del tratamiento de datos.<\/li>\n\n\n\n<li>Derecho de oposici\u00f3n: usted puede oponerse al tratamiento de sus datos. Nosotros cumplimos con esto, a menos que existan motivos justificados para el procesamiento.<\/li>\n<\/ul>\n\n<p>Por favor, aseg\u00farese de indicar siempre claramente qui\u00e9n es usted, para que podamos estar seguros de que no modificamos o eliminamos ning\u00fan dato de la persona equivocada.<\/p>\n\n<h2 class=\"wp-block-heading\">9. Enviando una reclamaci\u00f3n<\/h2>\n\n<p>Si no est\u00e1 satisfecho con la forma en que tratamos o procesamos sus datos personales, tiene derecho a presentar una queja a la Autoridad de protecci\u00f3n de datos.<\/p>\n\n<h2 class=\"wp-block-heading\">10. Datos de contacto<\/h2>\n\n<p>L\u00e1zaro Espa\u00f1a&#13;\nCalle Belisana 24, 28043 Madrid&#13;\nEspa\u00f1a&#13;\nWeb:\u00a0<a href=\"https:\/\/fundacionlazaro.es\/ca\/\">https:\/\/fundacionlazaro.es<\/a>&#13;\nCorreo electr\u00f3nico:\u00a0<a href=\"mailto:contacto@fundacionlazaro.es\" target=\"_blank\" rel=\"noopener\">contacto@fundacionlazaro.es<\/a>&#13;\nN\u00famero de tel\u00e9fono: +34 623 033 766<\/p>\n","protected":false},"excerpt":{"rendered":"<p>Esta declaraci\u00f3n de privacidad se actualiz\u00f3 por \u00faltima vez el [&hellip;]<\/p>\n","protected":false},"author":1,"featured_media":0,"parent":0,"menu_order":0,"comment_status":"closed","ping_status":"closed","template":"","meta":{"_acf_changed":false,"gtb_hide_title":false,"gtb_wrap_title":false,"gtb_class_title":"","gtb_remove_headerfooter":false,"gtb_custom_css":"","footnotes":""},"class_list":["post-32505","page","type-page","status-publish","hentry"],"acf":[],"yoast_head":"<!-- This site is optimized with the Yoast SEO plugin v27.3 - https:\/\/yoast.com\/product\/yoast-seo-wordpress\/ -->\n<title>Declaraci\u00f3 de confidencialitat (UE) - L\u00e1zaro Espa\u00f1a<\/title>\n<meta name=\"robots\" content=\"index, follow, max-snippet:-1, max-image-preview:large, max-video-preview:-1\" \/>\n<link rel=\"canonical\" href=\"https:\/\/fundacionlazaro.es\/ca\/declaracio-de-confidencialitat-ue\/\" \/>\n<meta property=\"og:locale\" content=\"ca_ES\" \/>\n<meta property=\"og:type\" content=\"article\" \/>\n<meta property=\"og:title\" content=\"Declaraci\u00f3 de confidencialitat (UE) - L\u00e1zaro Espa\u00f1a\" \/>\n<meta property=\"og:description\" content=\"Esta declaraci\u00f3n de privacidad se actualiz\u00f3 por \u00faltima vez el [&hellip;]\" \/>\n<meta property=\"og:url\" content=\"https:\/\/fundacionlazaro.es\/ca\/declaracio-de-confidencialitat-ue\/\" \/>\n<meta property=\"og:site_name\" content=\"L\u00e1zaro Espa\u00f1a\" \/>\n<meta property=\"article:modified_time\" content=\"2025-05-13T13:24:52+00:00\" \/>\n<meta name=\"twitter:card\" content=\"summary_large_image\" \/>\n<meta name=\"twitter:label1\" content=\"Temps estimat de lectura\" \/>\n\t<meta name=\"twitter:data1\" content=\"5 minuts\" \/>\n<script type=\"application\/ld+json\" class=\"yoast-schema-graph\">{\"@context\":\"https:\\\/\\\/schema.org\",\"@graph\":[{\"@type\":\"WebPage\",\"@id\":\"https:\\\/\\\/fundacionlazaro.es\\\/ca\\\/declaracio-de-confidencialitat-ue\\\/\",\"url\":\"https:\\\/\\\/fundacionlazaro.es\\\/ca\\\/declaracio-de-confidencialitat-ue\\\/\",\"name\":\"Declaraci\u00f3 de confidencialitat (UE) - L\u00e1zaro Espa\u00f1a\",\"isPartOf\":{\"@id\":\"https:\\\/\\\/fundacionlazaro.es\\\/ca\\\/#website\"},\"datePublished\":\"2021-09-27T15:24:36+00:00\",\"dateModified\":\"2025-05-13T13:24:52+00:00\",\"breadcrumb\":{\"@id\":\"https:\\\/\\\/fundacionlazaro.es\\\/ca\\\/declaracio-de-confidencialitat-ue\\\/#breadcrumb\"},\"inLanguage\":\"ca\",\"potentialAction\":[{\"@type\":\"ReadAction\",\"target\":[\"https:\\\/\\\/fundacionlazaro.es\\\/ca\\\/declaracio-de-confidencialitat-ue\\\/\"]}]},{\"@type\":\"BreadcrumbList\",\"@id\":\"https:\\\/\\\/fundacionlazaro.es\\\/ca\\\/declaracio-de-confidencialitat-ue\\\/#breadcrumb\",\"itemListElement\":[{\"@type\":\"ListItem\",\"position\":1,\"name\":\"BIENVENIDA\",\"item\":\"https:\\\/\\\/fundacionlazaro.es\\\/ca\\\/\"},{\"@type\":\"ListItem\",\"position\":2,\"name\":\"Declaraci\u00f3 de confidencialitat (UE)\"}]},{\"@type\":\"WebSite\",\"@id\":\"https:\\\/\\\/fundacionlazaro.es\\\/ca\\\/#website\",\"url\":\"https:\\\/\\\/fundacionlazaro.es\\\/ca\\\/\",\"name\":\"L\u00e1zaro Espa\u00f1a\",\"description\":\"Vivir juntos, tan simple como esto\",\"publisher\":{\"@id\":\"https:\\\/\\\/fundacionlazaro.es\\\/ca\\\/#organization\"},\"potentialAction\":[{\"@type\":\"SearchAction\",\"target\":{\"@type\":\"EntryPoint\",\"urlTemplate\":\"https:\\\/\\\/fundacionlazaro.es\\\/ca\\\/?s={search_term_string}\"},\"query-input\":{\"@type\":\"PropertyValueSpecification\",\"valueRequired\":true,\"valueName\":\"search_term_string\"}}],\"inLanguage\":\"ca\"},{\"@type\":\"Organization\",\"@id\":\"https:\\\/\\\/fundacionlazaro.es\\\/ca\\\/#organization\",\"name\":\"L\u00e1zaro Espa\u00f1a\",\"url\":\"https:\\\/\\\/fundacionlazaro.es\\\/ca\\\/\",\"logo\":{\"@type\":\"ImageObject\",\"inLanguage\":\"ca\",\"@id\":\"https:\\\/\\\/fundacionlazaro.es\\\/ca\\\/#\\\/schema\\\/logo\\\/image\\\/\",\"url\":\"https:\\\/\\\/fundacionlazaro.es\\\/wp-content\\\/uploads\\\/sites\\\/7\\\/2022\\\/03\\\/lazaro-mexico-logo-white.svg\",\"contentUrl\":\"https:\\\/\\\/fundacionlazaro.es\\\/wp-content\\\/uploads\\\/sites\\\/7\\\/2022\\\/03\\\/lazaro-mexico-logo-white.svg\",\"width\":1,\"height\":1,\"caption\":\"L\u00e1zaro Espa\u00f1a\"},\"image\":{\"@id\":\"https:\\\/\\\/fundacionlazaro.es\\\/ca\\\/#\\\/schema\\\/logo\\\/image\\\/\"}}]}<\/script>\n<!-- \/ Yoast SEO plugin. -->","yoast_head_json":{"title":"Declaraci\u00f3 de confidencialitat (UE) - L\u00e1zaro Espa\u00f1a","robots":{"index":"index","follow":"follow","max-snippet":"max-snippet:-1","max-image-preview":"max-image-preview:large","max-video-preview":"max-video-preview:-1"},"canonical":"https:\/\/fundacionlazaro.es\/ca\/declaracio-de-confidencialitat-ue\/","og_locale":"ca_ES","og_type":"article","og_title":"Declaraci\u00f3 de confidencialitat (UE) - L\u00e1zaro Espa\u00f1a","og_description":"Esta declaraci\u00f3n de privacidad se actualiz\u00f3 por \u00faltima vez el [&hellip;]","og_url":"https:\/\/fundacionlazaro.es\/ca\/declaracio-de-confidencialitat-ue\/","og_site_name":"L\u00e1zaro Espa\u00f1a","article_modified_time":"2025-05-13T13:24:52+00:00","twitter_card":"summary_large_image","twitter_misc":{"Temps estimat de lectura":"5 minuts"},"schema":{"@context":"https:\/\/schema.org","@graph":[{"@type":"WebPage","@id":"https:\/\/fundacionlazaro.es\/ca\/declaracio-de-confidencialitat-ue\/","url":"https:\/\/fundacionlazaro.es\/ca\/declaracio-de-confidencialitat-ue\/","name":"Declaraci\u00f3 de confidencialitat (UE) - L\u00e1zaro Espa\u00f1a","isPartOf":{"@id":"https:\/\/fundacionlazaro.es\/ca\/#website"},"datePublished":"2021-09-27T15:24:36+00:00","dateModified":"2025-05-13T13:24:52+00:00","breadcrumb":{"@id":"https:\/\/fundacionlazaro.es\/ca\/declaracio-de-confidencialitat-ue\/#breadcrumb"},"inLanguage":"ca","potentialAction":[{"@type":"ReadAction","target":["https:\/\/fundacionlazaro.es\/ca\/declaracio-de-confidencialitat-ue\/"]}]},{"@type":"BreadcrumbList","@id":"https:\/\/fundacionlazaro.es\/ca\/declaracio-de-confidencialitat-ue\/#breadcrumb","itemListElement":[{"@type":"ListItem","position":1,"name":"BIENVENIDA","item":"https:\/\/fundacionlazaro.es\/ca\/"},{"@type":"ListItem","position":2,"name":"Declaraci\u00f3 de confidencialitat (UE)"}]},{"@type":"WebSite","@id":"https:\/\/fundacionlazaro.es\/ca\/#website","url":"https:\/\/fundacionlazaro.es\/ca\/","name":"L\u00e1zaro Espa\u00f1a","description":"Vivir juntos, tan simple como esto","publisher":{"@id":"https:\/\/fundacionlazaro.es\/ca\/#organization"},"potentialAction":[{"@type":"SearchAction","target":{"@type":"EntryPoint","urlTemplate":"https:\/\/fundacionlazaro.es\/ca\/?s={search_term_string}"},"query-input":{"@type":"PropertyValueSpecification","valueRequired":true,"valueName":"search_term_string"}}],"inLanguage":"ca"},{"@type":"Organization","@id":"https:\/\/fundacionlazaro.es\/ca\/#organization","name":"L\u00e1zaro Espa\u00f1a","url":"https:\/\/fundacionlazaro.es\/ca\/","logo":{"@type":"ImageObject","inLanguage":"ca","@id":"https:\/\/fundacionlazaro.es\/ca\/#\/schema\/logo\/image\/","url":"https:\/\/fundacionlazaro.es\/wp-content\/uploads\/sites\/7\/2022\/03\/lazaro-mexico-logo-white.svg","contentUrl":"https:\/\/fundacionlazaro.es\/wp-content\/uploads\/sites\/7\/2022\/03\/lazaro-mexico-logo-white.svg","width":1,"height":1,"caption":"L\u00e1zaro Espa\u00f1a"},"image":{"@id":"https:\/\/fundacionlazaro.es\/ca\/#\/schema\/logo\/image\/"}}]}},"_links":{"self":[{"href":"https:\/\/fundacionlazaro.es\/ca\/wp-json\/wp\/v2\/pages\/32505","targetHints":{"allow":["GET"]}}],"collection":[{"href":"https:\/\/fundacionlazaro.es\/ca\/wp-json\/wp\/v2\/pages"}],"about":[{"href":"https:\/\/fundacionlazaro.es\/ca\/wp-json\/wp\/v2\/types\/page"}],"author":[{"embeddable":true,"href":"https:\/\/fundacionlazaro.es\/ca\/wp-json\/wp\/v2\/users\/1"}],"replies":[{"embeddable":true,"href":"https:\/\/fundacionlazaro.es\/ca\/wp-json\/wp\/v2\/comments?post=32505"}],"version-history":[{"count":0,"href":"https:\/\/fundacionlazaro.es\/ca\/wp-json\/wp\/v2\/pages\/32505\/revisions"}],"wp:attachment":[{"href":"https:\/\/fundacionlazaro.es\/ca\/wp-json\/wp\/v2\/media?parent=32505"}],"curies":[{"name":"wp","href":"https:\/\/api.w.org\/{rel}","templated":true}]}}