{"id":32506,"date":"2023-06-09T16:33:22","date_gmt":"2023-06-09T16:33:22","guid":{"rendered":"https:\/\/fundacionlazaro.es\/donacio-per-bizum\/"},"modified":"2023-09-28T10:57:01","modified_gmt":"2023-09-28T10:57:01","slug":"donacio-per-bizum","status":"publish","type":"page","link":"https:\/\/fundacionlazaro.es\/ca\/donacio-per-bizum\/","title":{"rendered":"Donaci\u00f3 per Bizum"},"content":{"rendered":"<p>L\u00e1zaro forma part de les ONG que col\u00b7laboren amb Bizum per fer donacions des del m\u00f2bil en temps real. Bizum \u00e9s utilitzat per fer pagaments entre usuaris particulars de diverses entitats banc\u00e0ries, per\u00f2 tamb\u00e9 el sistema permet fer pagaments a organitzacions com la nostra. D&#8217;aquesta manera, afegim aquesta possibilitat a qui vulgui per rebre donacions.<\/p>\n<p>COM FER UNA DONACI\u00d3 AMB BIZUM<br \/>\nEl proc\u00e9s \u00e9s molt senzill, nom\u00e9s cal fer els passos seg\u00fcents:<\/p>\n<p>Obrir Bizum: des de l&#8217;aplicaci\u00f3 del teu banc, obris la secci\u00f3 de Bizum i selecciones l&#8217;opci\u00f3 de &#8216;Fer Donatiu&#8217;, &#8216;Enviament Diners ONG&#8217; o similar.<br \/>\nCodi ONG: introduir els 5 d\u00edgits de l&#8217;ONG, en el cas de L\u00e1zaro aquest codi \u00e9s 01597.<br \/>\nSeleccionar Quantitat: introdueix la quantitat desitjada i els diners arribaran a l&#8217;instant als comptes de L\u00e1zaro.<\/p>\n<p>ELS AVANTATGES DE DONAR AMB BIZUM<br \/>\nPer a les persones que fan donacions \u00e9s molt positiu comptar amb un sistema simple i r\u00e0pid. Amb Bizum es pot fer la transfer\u00e8ncia des del m\u00f2bil sense haver de passar per altres passos d&#8217;identificaci\u00f3.<\/p>\n<p>Per la nostra banda, la capacitat de rebre donacions en temps real \u00e9s un avantatge molt important. D&#8217;aquesta manera podem atendre m\u00e9s r\u00e0pidament els nens i les nenes que necessiten la nostra ajuda.<\/p>\n<p>CERTIFICAT FISCAL<br \/>\nPer sol\u00b7licitar el teu certificat fiscal despr\u00e9s de fer una donaci\u00f3 amb Bizum, has de posar-te en contacte amb nosaltres amb la informaci\u00f3 seg\u00fcent:<\/p>\n<p>&#8211; Nom i Cognoms<br \/>\n&#8211; D.N.I.<br \/>\n&#8211; Adre\u00e7a postal<br \/>\n&#8211; Correu electr\u00f2nic<br \/>\n&#8211; Import donat<br \/>\n&#8211; Data del donatiu<\/p>\n","protected":false},"excerpt":{"rendered":"<p>L\u00e1zaro forma part de les ONG que col\u00b7laboren amb Bizum [&hellip;]<\/p>\n","protected":false},"author":22,"featured_media":32280,"parent":0,"menu_order":0,"comment_status":"closed","ping_status":"closed","template":"","meta":{"_acf_changed":false,"gtb_hide_title":false,"gtb_wrap_title":false,"gtb_class_title":"","gtb_remove_headerfooter":false,"gtb_custom_css":"","footnotes":""},"class_list":["post-32506","page","type-page","status-publish","has-post-thumbnail","hentry"],"acf":[],"yoast_head":"<!-- This site is optimized with the Yoast SEO plugin v27.3 - https:\/\/yoast.com\/product\/yoast-seo-wordpress\/ -->\n<title>Donaci\u00f3 per Bizum - L\u00e1zaro Espa\u00f1a<\/title>\n<meta name=\"robots\" content=\"index, follow, max-snippet:-1, max-image-preview:large, max-video-preview:-1\" \/>\n<link rel=\"canonical\" href=\"https:\/\/fundacionlazaro.es\/ca\/donacio-per-bizum\/\" \/>\n<meta property=\"og:locale\" content=\"ca_ES\" \/>\n<meta property=\"og:type\" content=\"article\" \/>\n<meta property=\"og:title\" content=\"Donaci\u00f3 per Bizum - L\u00e1zaro Espa\u00f1a\" \/>\n<meta property=\"og:description\" content=\"L\u00e1zaro forma part de les ONG que col\u00b7laboren amb Bizum [&hellip;]\" \/>\n<meta property=\"og:url\" content=\"https:\/\/fundacionlazaro.es\/ca\/donacio-per-bizum\/\" \/>\n<meta property=\"og:site_name\" content=\"L\u00e1zaro Espa\u00f1a\" \/>\n<meta property=\"article:modified_time\" content=\"2023-09-28T10:57:01+00:00\" \/>\n<meta property=\"og:image\" content=\"https:\/\/fundacionlazaro.es\/wp-content\/uploads\/sites\/7\/2023\/06\/01597-scaled.jpg\" \/>\n\t<meta property=\"og:image:width\" content=\"2560\" \/>\n\t<meta property=\"og:image:height\" content=\"1707\" \/>\n\t<meta property=\"og:image:type\" content=\"image\/jpeg\" \/>\n<meta name=\"twitter:card\" content=\"summary_large_image\" \/>\n<meta name=\"twitter:label1\" content=\"Temps estimat de lectura\" \/>\n\t<meta name=\"twitter:data1\" content=\"1 minut\" \/>\n<script type=\"application\/ld+json\" class=\"yoast-schema-graph\">{\"@context\":\"https:\\\/\\\/schema.org\",\"@graph\":[{\"@type\":\"WebPage\",\"@id\":\"https:\\\/\\\/fundacionlazaro.es\\\/ca\\\/donacio-per-bizum\\\/\",\"url\":\"https:\\\/\\\/fundacionlazaro.es\\\/ca\\\/donacio-per-bizum\\\/\",\"name\":\"Donaci\u00f3 per Bizum - L\u00e1zaro Espa\u00f1a\",\"isPartOf\":{\"@id\":\"https:\\\/\\\/fundacionlazaro.es\\\/ca\\\/#website\"},\"primaryImageOfPage\":{\"@id\":\"https:\\\/\\\/fundacionlazaro.es\\\/ca\\\/donacio-per-bizum\\\/#primaryimage\"},\"image\":{\"@id\":\"https:\\\/\\\/fundacionlazaro.es\\\/ca\\\/donacio-per-bizum\\\/#primaryimage\"},\"thumbnailUrl\":\"https:\\\/\\\/fundacionlazaro.es\\\/wp-content\\\/uploads\\\/sites\\\/7\\\/2023\\\/06\\\/01597-scaled.jpg\",\"datePublished\":\"2023-06-09T16:33:22+00:00\",\"dateModified\":\"2023-09-28T10:57:01+00:00\",\"breadcrumb\":{\"@id\":\"https:\\\/\\\/fundacionlazaro.es\\\/ca\\\/donacio-per-bizum\\\/#breadcrumb\"},\"inLanguage\":\"ca\",\"potentialAction\":[{\"@type\":\"ReadAction\",\"target\":[\"https:\\\/\\\/fundacionlazaro.es\\\/ca\\\/donacio-per-bizum\\\/\"]}]},{\"@type\":\"ImageObject\",\"inLanguage\":\"ca\",\"@id\":\"https:\\\/\\\/fundacionlazaro.es\\\/ca\\\/donacio-per-bizum\\\/#primaryimage\",\"url\":\"https:\\\/\\\/fundacionlazaro.es\\\/wp-content\\\/uploads\\\/sites\\\/7\\\/2023\\\/06\\\/01597-scaled.jpg\",\"contentUrl\":\"https:\\\/\\\/fundacionlazaro.es\\\/wp-content\\\/uploads\\\/sites\\\/7\\\/2023\\\/06\\\/01597-scaled.jpg\",\"width\":2560,\"height\":1707},{\"@type\":\"BreadcrumbList\",\"@id\":\"https:\\\/\\\/fundacionlazaro.es\\\/ca\\\/donacio-per-bizum\\\/#breadcrumb\",\"itemListElement\":[{\"@type\":\"ListItem\",\"position\":1,\"name\":\"BIENVENIDA\",\"item\":\"https:\\\/\\\/fundacionlazaro.es\\\/ca\\\/\"},{\"@type\":\"ListItem\",\"position\":2,\"name\":\"Donaci\u00f3 per Bizum\"}]},{\"@type\":\"WebSite\",\"@id\":\"https:\\\/\\\/fundacionlazaro.es\\\/ca\\\/#website\",\"url\":\"https:\\\/\\\/fundacionlazaro.es\\\/ca\\\/\",\"name\":\"L\u00e1zaro Espa\u00f1a\",\"description\":\"Vivir juntos, tan simple como esto\",\"publisher\":{\"@id\":\"https:\\\/\\\/fundacionlazaro.es\\\/ca\\\/#organization\"},\"potentialAction\":[{\"@type\":\"SearchAction\",\"target\":{\"@type\":\"EntryPoint\",\"urlTemplate\":\"https:\\\/\\\/fundacionlazaro.es\\\/ca\\\/?s={search_term_string}\"},\"query-input\":{\"@type\":\"PropertyValueSpecification\",\"valueRequired\":true,\"valueName\":\"search_term_string\"}}],\"inLanguage\":\"ca\"},{\"@type\":\"Organization\",\"@id\":\"https:\\\/\\\/fundacionlazaro.es\\\/ca\\\/#organization\",\"name\":\"L\u00e1zaro Espa\u00f1a\",\"url\":\"https:\\\/\\\/fundacionlazaro.es\\\/ca\\\/\",\"logo\":{\"@type\":\"ImageObject\",\"inLanguage\":\"ca\",\"@id\":\"https:\\\/\\\/fundacionlazaro.es\\\/ca\\\/#\\\/schema\\\/logo\\\/image\\\/\",\"url\":\"https:\\\/\\\/fundacionlazaro.es\\\/wp-content\\\/uploads\\\/sites\\\/7\\\/2022\\\/03\\\/lazaro-mexico-logo-white.svg\",\"contentUrl\":\"https:\\\/\\\/fundacionlazaro.es\\\/wp-content\\\/uploads\\\/sites\\\/7\\\/2022\\\/03\\\/lazaro-mexico-logo-white.svg\",\"width\":1,\"height\":1,\"caption\":\"L\u00e1zaro Espa\u00f1a\"},\"image\":{\"@id\":\"https:\\\/\\\/fundacionlazaro.es\\\/ca\\\/#\\\/schema\\\/logo\\\/image\\\/\"}}]}<\/script>\n<!-- \/ Yoast SEO plugin. -->","yoast_head_json":{"title":"Donaci\u00f3 per Bizum - L\u00e1zaro Espa\u00f1a","robots":{"index":"index","follow":"follow","max-snippet":"max-snippet:-1","max-image-preview":"max-image-preview:large","max-video-preview":"max-video-preview:-1"},"canonical":"https:\/\/fundacionlazaro.es\/ca\/donacio-per-bizum\/","og_locale":"ca_ES","og_type":"article","og_title":"Donaci\u00f3 per Bizum - L\u00e1zaro Espa\u00f1a","og_description":"L\u00e1zaro forma part de les ONG que col\u00b7laboren amb Bizum [&hellip;]","og_url":"https:\/\/fundacionlazaro.es\/ca\/donacio-per-bizum\/","og_site_name":"L\u00e1zaro Espa\u00f1a","article_modified_time":"2023-09-28T10:57:01+00:00","og_image":[{"width":2560,"height":1707,"url":"https:\/\/fundacionlazaro.es\/wp-content\/uploads\/sites\/7\/2023\/06\/01597-scaled.jpg","type":"image\/jpeg"}],"twitter_card":"summary_large_image","twitter_misc":{"Temps estimat de lectura":"1 minut"},"schema":{"@context":"https:\/\/schema.org","@graph":[{"@type":"WebPage","@id":"https:\/\/fundacionlazaro.es\/ca\/donacio-per-bizum\/","url":"https:\/\/fundacionlazaro.es\/ca\/donacio-per-bizum\/","name":"Donaci\u00f3 per Bizum - L\u00e1zaro Espa\u00f1a","isPartOf":{"@id":"https:\/\/fundacionlazaro.es\/ca\/#website"},"primaryImageOfPage":{"@id":"https:\/\/fundacionlazaro.es\/ca\/donacio-per-bizum\/#primaryimage"},"image":{"@id":"https:\/\/fundacionlazaro.es\/ca\/donacio-per-bizum\/#primaryimage"},"thumbnailUrl":"https:\/\/fundacionlazaro.es\/wp-content\/uploads\/sites\/7\/2023\/06\/01597-scaled.jpg","datePublished":"2023-06-09T16:33:22+00:00","dateModified":"2023-09-28T10:57:01+00:00","breadcrumb":{"@id":"https:\/\/fundacionlazaro.es\/ca\/donacio-per-bizum\/#breadcrumb"},"inLanguage":"ca","potentialAction":[{"@type":"ReadAction","target":["https:\/\/fundacionlazaro.es\/ca\/donacio-per-bizum\/"]}]},{"@type":"ImageObject","inLanguage":"ca","@id":"https:\/\/fundacionlazaro.es\/ca\/donacio-per-bizum\/#primaryimage","url":"https:\/\/fundacionlazaro.es\/wp-content\/uploads\/sites\/7\/2023\/06\/01597-scaled.jpg","contentUrl":"https:\/\/fundacionlazaro.es\/wp-content\/uploads\/sites\/7\/2023\/06\/01597-scaled.jpg","width":2560,"height":1707},{"@type":"BreadcrumbList","@id":"https:\/\/fundacionlazaro.es\/ca\/donacio-per-bizum\/#breadcrumb","itemListElement":[{"@type":"ListItem","position":1,"name":"BIENVENIDA","item":"https:\/\/fundacionlazaro.es\/ca\/"},{"@type":"ListItem","position":2,"name":"Donaci\u00f3 per Bizum"}]},{"@type":"WebSite","@id":"https:\/\/fundacionlazaro.es\/ca\/#website","url":"https:\/\/fundacionlazaro.es\/ca\/","name":"L\u00e1zaro Espa\u00f1a","description":"Vivir juntos, tan simple como esto","publisher":{"@id":"https:\/\/fundacionlazaro.es\/ca\/#organization"},"potentialAction":[{"@type":"SearchAction","target":{"@type":"EntryPoint","urlTemplate":"https:\/\/fundacionlazaro.es\/ca\/?s={search_term_string}"},"query-input":{"@type":"PropertyValueSpecification","valueRequired":true,"valueName":"search_term_string"}}],"inLanguage":"ca"},{"@type":"Organization","@id":"https:\/\/fundacionlazaro.es\/ca\/#organization","name":"L\u00e1zaro Espa\u00f1a","url":"https:\/\/fundacionlazaro.es\/ca\/","logo":{"@type":"ImageObject","inLanguage":"ca","@id":"https:\/\/fundacionlazaro.es\/ca\/#\/schema\/logo\/image\/","url":"https:\/\/fundacionlazaro.es\/wp-content\/uploads\/sites\/7\/2022\/03\/lazaro-mexico-logo-white.svg","contentUrl":"https:\/\/fundacionlazaro.es\/wp-content\/uploads\/sites\/7\/2022\/03\/lazaro-mexico-logo-white.svg","width":1,"height":1,"caption":"L\u00e1zaro Espa\u00f1a"},"image":{"@id":"https:\/\/fundacionlazaro.es\/ca\/#\/schema\/logo\/image\/"}}]}},"_links":{"self":[{"href":"https:\/\/fundacionlazaro.es\/ca\/wp-json\/wp\/v2\/pages\/32506","targetHints":{"allow":["GET"]}}],"collection":[{"href":"https:\/\/fundacionlazaro.es\/ca\/wp-json\/wp\/v2\/pages"}],"about":[{"href":"https:\/\/fundacionlazaro.es\/ca\/wp-json\/wp\/v2\/types\/page"}],"author":[{"embeddable":true,"href":"https:\/\/fundacionlazaro.es\/ca\/wp-json\/wp\/v2\/users\/22"}],"replies":[{"embeddable":true,"href":"https:\/\/fundacionlazaro.es\/ca\/wp-json\/wp\/v2\/comments?post=32506"}],"version-history":[{"count":0,"href":"https:\/\/fundacionlazaro.es\/ca\/wp-json\/wp\/v2\/pages\/32506\/revisions"}],"wp:featuredmedia":[{"embeddable":true,"href":"https:\/\/fundacionlazaro.es\/ca\/wp-json\/wp\/v2\/media\/32280"}],"wp:attachment":[{"href":"https:\/\/fundacionlazaro.es\/ca\/wp-json\/wp\/v2\/media?parent=32506"}],"curies":[{"name":"wp","href":"https:\/\/api.w.org\/{rel}","templated":true}]}}