{"id":32988,"date":"2021-09-27T15:24:36","date_gmt":"2021-09-27T15:24:36","guid":{"rendered":"https:\/\/fundacionlazaro.es\/politica-de-cookies-eu\/"},"modified":"2025-03-28T09:41:13","modified_gmt":"2025-03-28T09:41:13","slug":"politica-de-cookies-eu","status":"publish","type":"page","link":"https:\/\/fundacionlazaro.es\/ca\/politica-de-cookies-eu\/","title":{"rendered":"Pol\u00edtica de cookies (EU)"},"content":{"rendered":"\n<p><em>Aquesta Pol\u00edtica de galetes es va actualitzar per \u00faltima vegada el agost 29, 2022 i s&#8217;aplica als ciutadans i residents permanents legals de l&#8217;Espai Econ\u00f2mic Europeu i Su\u00efssa.<\/em><\/p>\n\n\n\n<h2 class=\"wp-block-heading\">1. Introducci\u00f3<\/h2>\n\n\n\n<p>El nostre lloc web,&nbsp;<a href=\"https:\/\/fundacionlazaro.es\/ca\/\">https:\/\/fundacionlazaro.es\/ca\/<\/a>&nbsp;(d&#8217;ara endavant: &#8220;el lloc web&#8221;) utilitza galetes i altres tecnologies relacionades (per comoditat, totes les tecnologies s&#8217;anomenen &#8220;cookies&#8221;). Les galetes tamb\u00e9 les col\u00b7loquen tercers que hem contractat. En el document seg\u00fcent us informem sobre l&#8217;\u00fas de cookies al nostre lloc web.<\/p>\n\n\n\n<h2 class=\"wp-block-heading\">2. Qu\u00e8 s\u00f3n les galetes?<\/h2>\n\n\n\n<p>Una galeta \u00e9s un petit fitxer senzill que s&#8217;envia juntament amb les p\u00e0gines d&#8217;aquest lloc web i s&#8217;emmagatzema pel vostre navegador al disc dur del vostre ordinador o un altre dispositiu. La informaci\u00f3 que s&#8217;hi emmagatzema pot ser retornada als nostres servidors o als servidors dels tercers corresponents durant una visita posterior.<\/p>\n\n\n\n<h2 class=\"wp-block-heading\">3. Qu\u00e8 s\u00f3n els guions?<\/h2>\n\n\n\n<p>Un script \u00e9s un fragment de codi de programa que s&#8217;utilitza per fer que el nostre lloc web funcioni correctament i de manera interactiva. Aquest codi s&#8217;executa al nostre servidor o al vostre dispositiu.<\/p>\n\n\n\n<h2 class=\"wp-block-heading\">4. Qu\u00e8 \u00e9s una balisa web?<\/h2>\n\n\n\n<p>Una balisa web (o una etiqueta de p\u00edxel) \u00e9s una petita part invisible de text o imatge d&#8217;un lloc web que s&#8217;utilitza per controlar el tr\u00e0nsit d&#8217;un lloc web. Per fer-ho, s&#8217;emmagatzemen diverses dades sobre vost\u00e8 mitjan\u00e7ant balises web.<\/p>\n\n\n\n<h2 class=\"wp-block-heading\">5. Galetes<\/h2>\n\n\n\n<p>5.1 Cookies t\u00e8cniques o funcionals<\/p>\n\n\n\n<p>Algunes galetes garanteixen que determinades parts del lloc web funcionin correctament i que es coneguin les vostres prefer\u00e8ncies d&#8217;usuari. En col\u00b7locar galetes funcionals, us facilitem la visita al nostre lloc web. D&#8217;aquesta manera, no cal que introdu\u00efu repetidament la mateixa informaci\u00f3 quan visiteu el nostre lloc web i, per exemple, els articles romandran a la vostra cistella de la compra fins que h\u00e0giu pagat. Podem col\u00b7locar aquestes cookies sense el vostre consentiment.<\/p>\n\n\n\n<p>5.2 Cookies d&#8217;estad\u00edstica<\/p>\n\n\n\n<p>Utilitzem cookies d&#8217;estad\u00edstiques per optimitzar l&#8217;experi\u00e8ncia del lloc web per als nostres usuaris. Amb aquestes galetes estad\u00edstiques obtenim informaci\u00f3 sobre l&#8217;\u00fas del nostre lloc web. &nbsp;Us demanem perm\u00eds per col\u00b7locar cookies d&#8217;estad\u00edstiques.<\/p>\n\n\n\n<p>5.3 Cookies de m\u00e0rqueting\/seguiment<\/p>\n\n\n\n<p>Les galetes de m\u00e0rqueting\/seguiment s\u00f3n galetes o qualsevol altra forma d&#8217;emmagatzematge local que s&#8217;utilitzen per crear perfils d&#8217;usuari per mostrar publicitat o per fer un seguiment de l&#8217;usuari en aquest lloc web o en diversos llocs web amb finalitats de m\u00e0rqueting similars.<\/p>\n\n\n\n<h2 class=\"wp-block-heading\">6. Col\u00b7locades galetes<\/h2>\n\n\n\n<div class=\"wp-block-columns is-layout-flex wp-container-core-columns-is-layout-9d6595d7 wp-block-columns-is-layout-flex\">\n<div class=\"wp-block-column is-layout-flow wp-block-column-is-layout-flow\">\n<h3 class=\"wp-block-heading\">Google Analytics<\/h3>\n<\/div>\n\n\n\n<div class=\"wp-block-column is-layout-flow wp-block-column-is-layout-flow\"><\/div>\n\n\n\n<div class=\"wp-block-column is-layout-flow wp-block-column-is-layout-flow\">\n<p class=\"has-text-align-right\">Estad\u00edstiques, Funcional<\/p>\n<\/div>\n<\/div>\n\n\n\n<div class=\"wp-block-columns is-layout-flex wp-container-core-columns-is-layout-9d6595d7 wp-block-columns-is-layout-flex\">\n<div class=\"wp-block-column is-layout-flow wp-block-column-is-layout-flow\">\n<h4 class=\"wp-block-heading\">\u00das<\/h4>\n\n\n\n<p>Utilitzem Google Analytics per a estad\u00edstiques del lloc web.<\/p>\n<\/div>\n\n\n\n<div class=\"wp-block-column is-layout-flow wp-block-column-is-layout-flow\">\n<h4 class=\"wp-block-heading\">Compartint dades<\/h4>\n\n\n\n<p>Per obtenir m\u00e9s informaci\u00f3, llegiu la Declaraci\u00f3 de privadesa&nbsp;<a href=\"https:\/\/policies.google.com\/privacy\" target=\"_blank\" rel=\"noreferrer noopener\">Google Analytics<\/a>.<\/p>\n<\/div>\n<\/div>\n\n\n\n<h4 class=\"wp-block-heading\">Estad\u00edstiques<\/h4>\n\n\n\n<div class=\"wp-block-columns is-layout-flex wp-container-core-columns-is-layout-9d6595d7 wp-block-columns-is-layout-flex\">\n<div class=\"wp-block-column is-layout-flow wp-block-column-is-layout-flow\">\n<h5 class=\"wp-block-heading\">Nom<\/h5>\n\n\n\n<p>_ga<br>_gid<br>_ga_*<br><\/p>\n\n\n\n<p><\/p>\n<\/div>\n\n\n\n<div class=\"wp-block-column is-layout-flow wp-block-column-is-layout-flow\">\n<h5 class=\"wp-block-heading\">Caducitat<\/h5>\n\n\n\n<p>2 anys<br>1 dia<br>1 any<br><\/p>\n<\/div>\n\n\n\n<div class=\"wp-block-column is-layout-flow wp-block-column-is-layout-flow\">\n<h5 class=\"wp-block-heading\">Funci\u00f3<\/h5>\n\n\n\n<p>Compta i fa un seguiment de les p\u00e0gines vistes<br>Compta i fa un seguiment de les p\u00e0gines vistes<br>Compta i fa un seguiment de les p\u00e0gines vistes<\/p>\n<\/div>\n<\/div>\n\n\n\n<h4 class=\"wp-block-heading\">Funcional<\/h4>\n\n\n\n<div class=\"wp-block-columns is-layout-flex wp-container-core-columns-is-layout-9d6595d7 wp-block-columns-is-layout-flex\">\n<div class=\"wp-block-column is-layout-flow wp-block-column-is-layout-flow\">\n<h5 class=\"wp-block-heading\">Nom<\/h5>\n\n\n\n<p>_gat_UA-*<\/p>\n<\/div>\n\n\n\n<div class=\"wp-block-column is-layout-flow wp-block-column-is-layout-flow\">\n<h5 class=\"wp-block-heading\">Caducitat<\/h5>\n\n\n\n<p>sessi\u00f3<\/p>\n<\/div>\n\n\n\n<div class=\"wp-block-column is-layout-flow wp-block-column-is-layout-flow\">\n<h5 class=\"wp-block-heading\">Funci\u00f3<\/h5>\n\n\n\n<p>Provide technical monitoring<\/p>\n<\/div>\n<\/div>\n\n\n\n<div class=\"wp-block-columns is-layout-flex wp-container-core-columns-is-layout-9d6595d7 wp-block-columns-is-layout-flex\">\n<div class=\"wp-block-column is-layout-flow wp-block-column-is-layout-flow\">\n<h3 class=\"wp-block-heading\">WordPress<\/h3>\n<\/div>\n\n\n\n<div class=\"wp-block-column is-layout-flow wp-block-column-is-layout-flow\">\n<p class=\"has-text-align-right\">Funcional<\/p>\n<\/div>\n<\/div>\n\n\n\n<div class=\"wp-block-columns is-layout-flex wp-container-core-columns-is-layout-9d6595d7 wp-block-columns-is-layout-flex\">\n<div class=\"wp-block-column is-layout-flow wp-block-column-is-layout-flow\">\n<h4 class=\"wp-block-heading\">\u00das<\/h4>\n\n\n\n<p>Utilitzem WordPress per a desenvolupament del lloc web.<\/p>\n<\/div>\n\n\n\n<div class=\"wp-block-column is-layout-flow wp-block-column-is-layout-flow\">\n<h4 class=\"wp-block-heading\">Compartint dades<\/h4>\n\n\n\n<p>Aquestes dades no es comparteixen amb tercers.<\/p>\n<\/div>\n<\/div>\n\n\n\n<h4 class=\"wp-block-heading\">Funcional<\/h4>\n\n\n\n<div class=\"wp-block-columns is-layout-flex wp-container-core-columns-is-layout-9d6595d7 wp-block-columns-is-layout-flex\">\n<div class=\"wp-block-column is-layout-flow wp-block-column-is-layout-flow\">\n<h5 class=\"wp-block-heading\">Nom<\/h5>\n\n\n\n<p>wordpress_test_cookie<br>wordpress_logged_in_*<br>WP_DATA_USER_*<\/p>\n<\/div>\n\n\n\n<div class=\"wp-block-column is-layout-flow wp-block-column-is-layout-flow\">\n<h5 class=\"wp-block-heading\">Caducitat<\/h5>\n\n\n\n<p>sessi\u00f3<br>persistent<br>sessi\u00f3<\/p>\n<\/div>\n\n\n\n<div class=\"wp-block-column is-layout-flow wp-block-column-is-layout-flow\">\n<h5 class=\"wp-block-heading\">Funci\u00f3<\/h5>\n\n\n\n<p>Comproveu si es poden col\u00b7locar cookies<br>Mantenir els usuaris connectats<br>Emmagatzema les prefer\u00e8ncies de l&#8217;usuari<br><br><br><br><\/p>\n<\/div>\n<\/div>\n\n\n\n<div class=\"wp-block-columns is-layout-flex wp-container-core-columns-is-layout-9d6595d7 wp-block-columns-is-layout-flex\">\n<div class=\"wp-block-column is-layout-flow wp-block-column-is-layout-flow\">\n<h3 class=\"wp-block-heading\">WPML<\/h3>\n<\/div>\n\n\n\n<div class=\"wp-block-column is-layout-flow wp-block-column-is-layout-flow\">\n<p class=\"has-text-align-right\">Funcional<\/p>\n<\/div>\n<\/div>\n\n\n\n<div class=\"wp-block-columns is-layout-flex wp-container-core-columns-is-layout-9d6595d7 wp-block-columns-is-layout-flex\">\n<div class=\"wp-block-column is-layout-flow wp-block-column-is-layout-flow\">\n<h4 class=\"wp-block-heading\">\u00das<\/h4>\n\n\n\n<p>Utilitzem WPML per a gesti\u00f3 local.<\/p>\n<\/div>\n\n\n\n<div class=\"wp-block-column is-layout-flow wp-block-column-is-layout-flow\">\n<h4 class=\"wp-block-heading\">Compartint dades<\/h4>\n\n\n\n<p>Aquestes dades no es comparteixen amb tercers.<\/p>\n<\/div>\n<\/div>\n\n\n\n<h4 class=\"wp-block-heading\">Funcional<\/h4>\n\n\n\n<div class=\"wp-block-columns is-layout-flex wp-container-core-columns-is-layout-9d6595d7 wp-block-columns-is-layout-flex\">\n<div class=\"wp-block-column is-layout-flow wp-block-column-is-layout-flow\">\n<h5 class=\"wp-block-heading\">Nom<\/h5>\n\n\n\n<p>wp-wpml_current_language<\/p>\n<\/div>\n\n\n\n<div class=\"wp-block-column is-layout-flow wp-block-column-is-layout-flow\">\n<h5 class=\"wp-block-heading\">Caducitat<\/h5>\n\n\n\n<p>1 dia<\/p>\n<\/div>\n\n\n\n<div class=\"wp-block-column is-layout-flow wp-block-column-is-layout-flow\">\n<h5 class=\"wp-block-heading\">Funci\u00f3<\/h5>\n\n\n\n<p>Emmagatzema la configuraci\u00f3 de l&#8217;idiomes<\/p>\n<\/div>\n<\/div>\n\n\n\n<h4 class=\"wp-block-heading\">Finalitat pendent d&#8217;investigaci\u00f3<\/h4>\n\n\n\n<div class=\"wp-block-columns is-layout-flex wp-container-core-columns-is-layout-9d6595d7 wp-block-columns-is-layout-flex\">\n<div class=\"wp-block-column is-layout-flow wp-block-column-is-layout-flow\">\n<h5 class=\"wp-block-heading\">Nom<\/h5>\n\n\n\n<p>_icl_visitor_lang_js<br>wpml_browser_redirect_test<\/p>\n<\/div>\n\n\n\n<div class=\"wp-block-column is-layout-flow wp-block-column-is-layout-flow\">\n<h5 class=\"wp-block-heading\">Caducitat<\/h5>\n<\/div>\n\n\n\n<div class=\"wp-block-column is-layout-flow wp-block-column-is-layout-flow\">\n<h5 class=\"wp-block-heading\">Funci\u00f3<\/h5>\n<\/div>\n<\/div>\n\n\n\n<div class=\"wp-block-columns is-layout-flex wp-container-core-columns-is-layout-9d6595d7 wp-block-columns-is-layout-flex\">\n<div class=\"wp-block-column is-layout-flow wp-block-column-is-layout-flow\">\n<h3 class=\"wp-block-heading\">Wordfence<\/h3>\n<\/div>\n\n\n\n<div class=\"wp-block-column is-layout-flow wp-block-column-is-layout-flow\">\n<p class=\"has-text-align-right\">Funcional<\/p>\n<\/div>\n<\/div>\n\n\n\n<div class=\"wp-block-columns is-layout-flex wp-container-core-columns-is-layout-9d6595d7 wp-block-columns-is-layout-flex\">\n<div class=\"wp-block-column is-layout-flow wp-block-column-is-layout-flow\">\n<h4 class=\"wp-block-heading\">\u00das<\/h4>\n\n\n\n<p>Utilitzem Wordfence per a seguretat del lloc web.<\/p>\n<\/div>\n\n\n\n<div class=\"wp-block-column is-layout-flow wp-block-column-is-layout-flow\">\n<h4 class=\"wp-block-heading\">Compartint dades<\/h4>\n\n\n\n<p>Per obtenir m\u00e9s informaci\u00f3, llegiu la Declaraci\u00f3 de privadesa&nbsp;<a target=\"_blank\" rel=\"noreferrer noopener\" href=\"https:\/\/www.wordfence.com\/privacy-policy\/\">Wordfence<\/a>.<\/p>\n<\/div>\n<\/div>\n\n\n\n<h4 class=\"wp-block-heading\">Funcional<\/h4>\n\n\n\n<div class=\"wp-block-columns is-layout-flex wp-container-core-columns-is-layout-9d6595d7 wp-block-columns-is-layout-flex\">\n<div class=\"wp-block-column is-layout-flow wp-block-column-is-layout-flow\">\n<h5 class=\"wp-block-heading\">Nom<\/h5>\n\n\n\n<p>wfwaf-authcookie*<\/p>\n<\/div>\n\n\n\n<div class=\"wp-block-column is-layout-flow wp-block-column-is-layout-flow\">\n<h5 class=\"wp-block-heading\">Caducitat<\/h5>\n\n\n\n<p>1 dia<\/p>\n<\/div>\n\n\n\n<div class=\"wp-block-column is-layout-flow wp-block-column-is-layout-flow\">\n<h5 class=\"wp-block-heading\">Funci\u00f3<\/h5>\n\n\n\n<p>Determina si l&#8217;usuari ha iniciat la sessi\u00f3<\/p>\n<\/div>\n<\/div>\n\n\n\n<h2 class=\"wp-block-heading\">7. Consentiment<\/h2>\n\n\n\n<p>Quan visiteu el nostre lloc web per primera vegada, us mostrarem una finestra emergent amb una explicaci\u00f3 sobre les galetes. Tan bon punt feu clic a &#8220;GUARDAR&#8221;, ens consentiu que utilitzem les categories de galetes i complements que heu seleccionat a la finestra emergent, tal com es descriu en aquesta Pol\u00edtica de galetes. Podeu desactivar l&#8217;\u00fas de cookies mitjan\u00e7ant el vostre navegador, per\u00f2 tingueu en compte que \u00e9s possible que el nostre lloc web ja no funcioni correctament.<\/p>\n\n\n\n<p>7.1 Gestioneu la vostra configuraci\u00f3 de consentiment<\/p>\n\n\n\n<details class=\"wp-block-details is-layout-flow wp-block-details-is-layout-flow\"><summary>Funcional<\/summary>\n<p>El almacenamiento o acceso t\u00e9cnico es estrictamente necesario para el prop\u00f3sito leg\u00edtimo de permitir el uso de un servicio espec\u00edfico expl\u00edcitamente solicitado por el abonado o usuario, o con el \u00fanico prop\u00f3sito de llevar a cabo la transmisi\u00f3n de una comunicaci\u00f3n a trav\u00e9s de una red de comunicaciones electr\u00f3nicas.<\/p>\n<\/details>\n\n\n\n<details class=\"wp-block-details is-layout-flow wp-block-details-is-layout-flow\"><summary>Preferencias<\/summary>\n<p>El almacenamiento o acceso t\u00e9cnico es necesario para la finalidad leg\u00edtima de almacenar preferencias no solicitadas por el abonado o usuario.<\/p>\n<\/details>\n\n\n\n<details class=\"wp-block-details is-layout-flow wp-block-details-is-layout-flow\"><summary>Estad\u00edsticas<\/summary>\n<p>El almacenamiento o acceso t\u00e9cnico que es utilizado exclusivamente con fines estad\u00edsticos.<\/p>\n<\/details>\n\n\n\n<details class=\"wp-block-details is-layout-flow wp-block-details-is-layout-flow\"><summary>Marketing<\/summary>\n<p>El almacenamiento o acceso t\u00e9cnico es necesario para crear perfiles de usuario para enviar publicidad, o para rastrear al usuario en una web o en varias web con fines de marketing similares.<\/p>\n<\/details>\n\n\n\n<h2 class=\"wp-block-heading\">8. Habilitaci\u00f3\/desactivaci\u00f3 i eliminaci\u00f3 de cookies<\/h2>\n\n\n\n<p>Podeu utilitzar el vostre navegador d&#8217;Internet per eliminar les galetes autom\u00e0ticament o manualment. Tamb\u00e9 podeu especificar que algunes galetes no es col\u00b7loquin. Una altra opci\u00f3 \u00e9s canviar la configuraci\u00f3 del vostre navegador d&#8217;Internet perqu\u00e8 rebeu un missatge cada vegada que es col\u00b7loqui una galeta. Per obtenir m\u00e9s informaci\u00f3 sobre aquestes opcions, consulteu les instruccions de la secci\u00f3 Ajuda del vostre navegador.<\/p>\n\n\n\n<p>Tingueu en compte que el nostre lloc web pot no funcionar correctament si totes les galetes estan desactivades. Si elimineu les galetes del vostre navegador, es tornaran a col\u00b7locar despr\u00e9s del vostre consentiment quan torneu a visitar el nostre lloc web.<\/p>\n\n\n\n<h2 class=\"wp-block-heading\">9. Els teus drets respecte a les dades personals<\/h2>\n\n\n\n<p>Teniu els seg\u00fcents drets respecte a les vostres dades personals:<\/p>\n\n\n\n<ul class=\"wp-block-list\">\n<li>Teniu dret a saber per qu\u00e8 es necessiten les vostres dades personals, qu\u00e8 hi passar\u00e0 i quant de temps es conservaran.<\/li>\n\n\n\n<li>Dret d&#8217;acc\u00e9s: tens dret a accedir a les teves dades personals que coneixem.<\/li>\n\n\n\n<li>Dret de rectificaci\u00f3: t\u00e9 dret a complementar, corregir, suprimir o bloquejar les seves dades personals sempre que ho desitgi.<\/li>\n\n\n\n<li>Si ens doneu el vostre consentiment per tractar les vostres dades, teniu dret a revocar aquest consentiment i a que se suprimeixin les vostres dades personals.<\/li>\n\n\n\n<li>Dret a transferir les seves dades: t\u00e9 dret a sol\u00b7licitar totes les seves dades personals al responsable del tractament i transferir-les \u00edntegrament a un altre responsable.<\/li>\n\n\n\n<li>Dret d&#8217;oposici\u00f3: podeu oposar-vos al tractament de les vostres dades. Complim amb aix\u00f2, llevat que hi hagi motius justificats per al tractament.<\/li>\n<\/ul>\n\n\n\n<p>Per exercir aquests drets, poseu-vos en contacte amb nosaltres. Consulteu les dades de contacte a la part inferior d&#8217;aquesta Pol\u00edtica de galetes. Si tens una queixa sobre com tractem les teves dades, ens agradaria saber de tu, per\u00f2 tamb\u00e9 tens dret a presentar una queixa davant l&#8217;autoritat de control (l&#8217;Autoritat de Protecci\u00f3 de Dades).<\/p>\n\n\n\n<h2 class=\"wp-block-heading\">10. Dades de contacte<br><\/h2>\n\n\n\n<p>Per a preguntes i\/o comentaris sobre la nostra Pol\u00edtica de galetes i aquesta declaraci\u00f3, poseu-vos en contacte amb nosaltres mitjan\u00e7ant les seg\u00fcents dades de contacte:<\/p>\n\n\n\n<p>L\u00e1zaro Espa\u00f1a<br>Calle Belisana 24, 28043 Madrid<br>Espanya<br>Lloc web:&nbsp;<a href=\"https:\/\/fundacionlazaro.es\/ca\/\">https:\/\/fundacionlazaro.es\/ca\/<\/a><br>Correu electr\u00f2nic:&nbsp;contacto@fundacionlazaro.es<br>Phone number: +34 623 033 766<\/p>\n\n\n\n<p>Aquesta pol\u00edtica de galetes s&#8217;ha sincronitzat amb %scookiedatabase.org% a %s.<\/p>\n","protected":false},"excerpt":{"rendered":"<p>Aquesta Pol\u00edtica de galetes es va actualitzar per \u00faltima vegada [&hellip;]<\/p>\n","protected":false},"author":1,"featured_media":0,"parent":0,"menu_order":0,"comment_status":"closed","ping_status":"closed","template":"","meta":{"_acf_changed":false,"gtb_hide_title":false,"gtb_wrap_title":false,"gtb_class_title":"","gtb_remove_headerfooter":false,"gtb_custom_css":"","footnotes":""},"class_list":["post-32988","page","type-page","status-publish","hentry"],"acf":[],"yoast_head":"<!-- This site is optimized with the Yoast SEO plugin v27.3 - https:\/\/yoast.com\/product\/yoast-seo-wordpress\/ -->\n<title>Pol\u00edtica de cookies (EU) - L\u00e1zaro Espa\u00f1a<\/title>\n<meta name=\"robots\" content=\"index, follow, max-snippet:-1, max-image-preview:large, max-video-preview:-1\" \/>\n<link rel=\"canonical\" href=\"https:\/\/fundacionlazaro.es\/ca\/politica-de-cookies-eu\/\" \/>\n<meta property=\"og:locale\" content=\"ca_ES\" \/>\n<meta property=\"og:type\" content=\"article\" \/>\n<meta property=\"og:title\" content=\"Pol\u00edtica de cookies (EU) - L\u00e1zaro Espa\u00f1a\" \/>\n<meta property=\"og:description\" content=\"Aquesta Pol\u00edtica de galetes es va actualitzar per \u00faltima vegada [&hellip;]\" \/>\n<meta property=\"og:url\" content=\"https:\/\/fundacionlazaro.es\/ca\/politica-de-cookies-eu\/\" \/>\n<meta property=\"og:site_name\" content=\"L\u00e1zaro Espa\u00f1a\" \/>\n<meta property=\"article:modified_time\" content=\"2025-03-28T09:41:13+00:00\" \/>\n<meta name=\"twitter:card\" content=\"summary_large_image\" \/>\n<meta name=\"twitter:label1\" content=\"Temps estimat de lectura\" \/>\n\t<meta name=\"twitter:data1\" content=\"6 minuts\" \/>\n<script type=\"application\/ld+json\" class=\"yoast-schema-graph\">{\"@context\":\"https:\\\/\\\/schema.org\",\"@graph\":[{\"@type\":\"WebPage\",\"@id\":\"https:\\\/\\\/fundacionlazaro.es\\\/ca\\\/politica-de-cookies-eu\\\/\",\"url\":\"https:\\\/\\\/fundacionlazaro.es\\\/ca\\\/politica-de-cookies-eu\\\/\",\"name\":\"Pol\u00edtica de cookies (EU) - L\u00e1zaro Espa\u00f1a\",\"isPartOf\":{\"@id\":\"https:\\\/\\\/fundacionlazaro.es\\\/ca\\\/#website\"},\"datePublished\":\"2021-09-27T15:24:36+00:00\",\"dateModified\":\"2025-03-28T09:41:13+00:00\",\"breadcrumb\":{\"@id\":\"https:\\\/\\\/fundacionlazaro.es\\\/ca\\\/politica-de-cookies-eu\\\/#breadcrumb\"},\"inLanguage\":\"ca\",\"potentialAction\":[{\"@type\":\"ReadAction\",\"target\":[\"https:\\\/\\\/fundacionlazaro.es\\\/ca\\\/politica-de-cookies-eu\\\/\"]}]},{\"@type\":\"BreadcrumbList\",\"@id\":\"https:\\\/\\\/fundacionlazaro.es\\\/ca\\\/politica-de-cookies-eu\\\/#breadcrumb\",\"itemListElement\":[{\"@type\":\"ListItem\",\"position\":1,\"name\":\"BIENVENIDA\",\"item\":\"https:\\\/\\\/fundacionlazaro.es\\\/ca\\\/\"},{\"@type\":\"ListItem\",\"position\":2,\"name\":\"Pol\u00edtica de cookies (EU)\"}]},{\"@type\":\"WebSite\",\"@id\":\"https:\\\/\\\/fundacionlazaro.es\\\/ca\\\/#website\",\"url\":\"https:\\\/\\\/fundacionlazaro.es\\\/ca\\\/\",\"name\":\"L\u00e1zaro Espa\u00f1a\",\"description\":\"Vivir juntos, tan simple como esto\",\"publisher\":{\"@id\":\"https:\\\/\\\/fundacionlazaro.es\\\/ca\\\/#organization\"},\"potentialAction\":[{\"@type\":\"SearchAction\",\"target\":{\"@type\":\"EntryPoint\",\"urlTemplate\":\"https:\\\/\\\/fundacionlazaro.es\\\/ca\\\/?s={search_term_string}\"},\"query-input\":{\"@type\":\"PropertyValueSpecification\",\"valueRequired\":true,\"valueName\":\"search_term_string\"}}],\"inLanguage\":\"ca\"},{\"@type\":\"Organization\",\"@id\":\"https:\\\/\\\/fundacionlazaro.es\\\/ca\\\/#organization\",\"name\":\"L\u00e1zaro Espa\u00f1a\",\"url\":\"https:\\\/\\\/fundacionlazaro.es\\\/ca\\\/\",\"logo\":{\"@type\":\"ImageObject\",\"inLanguage\":\"ca\",\"@id\":\"https:\\\/\\\/fundacionlazaro.es\\\/ca\\\/#\\\/schema\\\/logo\\\/image\\\/\",\"url\":\"https:\\\/\\\/fundacionlazaro.es\\\/wp-content\\\/uploads\\\/sites\\\/7\\\/2022\\\/03\\\/lazaro-mexico-logo-white.svg\",\"contentUrl\":\"https:\\\/\\\/fundacionlazaro.es\\\/wp-content\\\/uploads\\\/sites\\\/7\\\/2022\\\/03\\\/lazaro-mexico-logo-white.svg\",\"width\":1,\"height\":1,\"caption\":\"L\u00e1zaro Espa\u00f1a\"},\"image\":{\"@id\":\"https:\\\/\\\/fundacionlazaro.es\\\/ca\\\/#\\\/schema\\\/logo\\\/image\\\/\"}}]}<\/script>\n<!-- \/ Yoast SEO plugin. -->","yoast_head_json":{"title":"Pol\u00edtica de cookies (EU) - L\u00e1zaro Espa\u00f1a","robots":{"index":"index","follow":"follow","max-snippet":"max-snippet:-1","max-image-preview":"max-image-preview:large","max-video-preview":"max-video-preview:-1"},"canonical":"https:\/\/fundacionlazaro.es\/ca\/politica-de-cookies-eu\/","og_locale":"ca_ES","og_type":"article","og_title":"Pol\u00edtica de cookies (EU) - L\u00e1zaro Espa\u00f1a","og_description":"Aquesta Pol\u00edtica de galetes es va actualitzar per \u00faltima vegada [&hellip;]","og_url":"https:\/\/fundacionlazaro.es\/ca\/politica-de-cookies-eu\/","og_site_name":"L\u00e1zaro Espa\u00f1a","article_modified_time":"2025-03-28T09:41:13+00:00","twitter_card":"summary_large_image","twitter_misc":{"Temps estimat de lectura":"6 minuts"},"schema":{"@context":"https:\/\/schema.org","@graph":[{"@type":"WebPage","@id":"https:\/\/fundacionlazaro.es\/ca\/politica-de-cookies-eu\/","url":"https:\/\/fundacionlazaro.es\/ca\/politica-de-cookies-eu\/","name":"Pol\u00edtica de cookies (EU) - L\u00e1zaro Espa\u00f1a","isPartOf":{"@id":"https:\/\/fundacionlazaro.es\/ca\/#website"},"datePublished":"2021-09-27T15:24:36+00:00","dateModified":"2025-03-28T09:41:13+00:00","breadcrumb":{"@id":"https:\/\/fundacionlazaro.es\/ca\/politica-de-cookies-eu\/#breadcrumb"},"inLanguage":"ca","potentialAction":[{"@type":"ReadAction","target":["https:\/\/fundacionlazaro.es\/ca\/politica-de-cookies-eu\/"]}]},{"@type":"BreadcrumbList","@id":"https:\/\/fundacionlazaro.es\/ca\/politica-de-cookies-eu\/#breadcrumb","itemListElement":[{"@type":"ListItem","position":1,"name":"BIENVENIDA","item":"https:\/\/fundacionlazaro.es\/ca\/"},{"@type":"ListItem","position":2,"name":"Pol\u00edtica de cookies (EU)"}]},{"@type":"WebSite","@id":"https:\/\/fundacionlazaro.es\/ca\/#website","url":"https:\/\/fundacionlazaro.es\/ca\/","name":"L\u00e1zaro Espa\u00f1a","description":"Vivir juntos, tan simple como esto","publisher":{"@id":"https:\/\/fundacionlazaro.es\/ca\/#organization"},"potentialAction":[{"@type":"SearchAction","target":{"@type":"EntryPoint","urlTemplate":"https:\/\/fundacionlazaro.es\/ca\/?s={search_term_string}"},"query-input":{"@type":"PropertyValueSpecification","valueRequired":true,"valueName":"search_term_string"}}],"inLanguage":"ca"},{"@type":"Organization","@id":"https:\/\/fundacionlazaro.es\/ca\/#organization","name":"L\u00e1zaro Espa\u00f1a","url":"https:\/\/fundacionlazaro.es\/ca\/","logo":{"@type":"ImageObject","inLanguage":"ca","@id":"https:\/\/fundacionlazaro.es\/ca\/#\/schema\/logo\/image\/","url":"https:\/\/fundacionlazaro.es\/wp-content\/uploads\/sites\/7\/2022\/03\/lazaro-mexico-logo-white.svg","contentUrl":"https:\/\/fundacionlazaro.es\/wp-content\/uploads\/sites\/7\/2022\/03\/lazaro-mexico-logo-white.svg","width":1,"height":1,"caption":"L\u00e1zaro Espa\u00f1a"},"image":{"@id":"https:\/\/fundacionlazaro.es\/ca\/#\/schema\/logo\/image\/"}}]}},"_links":{"self":[{"href":"https:\/\/fundacionlazaro.es\/ca\/wp-json\/wp\/v2\/pages\/32988","targetHints":{"allow":["GET"]}}],"collection":[{"href":"https:\/\/fundacionlazaro.es\/ca\/wp-json\/wp\/v2\/pages"}],"about":[{"href":"https:\/\/fundacionlazaro.es\/ca\/wp-json\/wp\/v2\/types\/page"}],"author":[{"embeddable":true,"href":"https:\/\/fundacionlazaro.es\/ca\/wp-json\/wp\/v2\/users\/1"}],"replies":[{"embeddable":true,"href":"https:\/\/fundacionlazaro.es\/ca\/wp-json\/wp\/v2\/comments?post=32988"}],"version-history":[{"count":0,"href":"https:\/\/fundacionlazaro.es\/ca\/wp-json\/wp\/v2\/pages\/32988\/revisions"}],"wp:attachment":[{"href":"https:\/\/fundacionlazaro.es\/ca\/wp-json\/wp\/v2\/media?parent=32988"}],"curies":[{"name":"wp","href":"https:\/\/api.w.org\/{rel}","templated":true}]}}