{"id":6497,"date":"2021-03-11T09:46:00","date_gmt":"2021-03-11T09:46:00","guid":{"rendered":"https:\/\/lazaremulti-es.varjak.fr\/avis-legal\/"},"modified":"2023-10-03T05:37:49","modified_gmt":"2023-10-03T05:37:49","slug":"avis-legal","status":"publish","type":"page","link":"https:\/\/fundacionlazaro.es\/ca\/avis-legal\/","title":{"rendered":"AV\u00cdS LEGAL"},"content":{"rendered":"\n<h2 class=\"wp-block-heading\">\u00daS DEL PORTAL<\/h2>\n\n<p>L&#8217;usuari assumeix la responsabilitat de fer servir el portal. Aquesta responsabilitat s&#8217;est\u00e9n al registre que calgui per accedir a determinats serveis o continguts. En aquest registre, l&#8217;usuari ser\u00e0 responsable d&#8217;aportar informaci\u00f3 vera\u00e7 i l\u00edcita. L&#8217;usuari es compromet a fer un \u00fas adequat dels continguts i serveis que la Fundaci\u00f3 ofereix a trav\u00e9s del seu portal i, amb car\u00e0cter enunciatiu per\u00f2 no limitatiu, a no fer-los servir:<\/p>\n\n<ol class=\"wp-block-list\"><li>Inc\u00f3rrer en activitats il\u00b7l\u00edcites, il\u00b7legals o contr\u00e0ries a la bona fe i l&#8217;ordre p\u00fablic;<\/li><li>Causar danys als sistemes f\u00edsics i l\u00f2gics de la Fundaci\u00f3, introduir o difondre virus inform\u00e0tics o qualssevol altres sistemes f\u00edsics o l\u00f2gics que siguin susceptibles de provocar els danys anteriorment esmentats.<\/li><\/ol>\n\n<p>La Fundaci\u00f3 L\u00e1zaro es reserva el dret de retirar tots aquells comentaris i aportacions que vulnerin el respecte a la dignitat de la persona, que siguin discriminatoris, xen\u00f2fobs, racistes, que atemptin contra l&#8217;ordre o la seguretat p\u00fablica o que, al seu parer, no resultessin adequats per a la seva publicaci\u00f3. En qualsevol cas, Fundaci\u00f3n L\u00e1zaro no ser\u00e0 responsable de les opinions abocades pels usuaris a trav\u00e9s dels f\u00f2rums, xats, etc. Aix\u00ed mateix, l&#8217;usuari es compromet a no utilitzar el disseny i el codi font de les p\u00e0gines del portal amb una finalitat contr\u00e0ria a la llei, la moral o l&#8217;ordre p\u00fablic.<\/p>\n\n<h2 class=\"wp-block-heading\">ACCEPTACI\u00d3 I CONSENTIMENT<\/h2>\n\n<p>L&#8217;Usuari declara haver estat informat de les condicions sobre protecci\u00f3 de dades de car\u00e0cter personal, acceptant i consentint el tractament automatitzat dels mateixos per part de Fundaci\u00f3n L\u00e1zaro en la forma i per a les finalitats indicades a la present <a href=\"https:\/\/fundacionlazaro.es\/ca\/declaracio-de-confidencialitat-ue\/\" target=\"_blank\" rel=\"noreferrer noopener\">Pol\u00edtica de Protecci\u00f3n de Datos Personales<\/a>.<\/p>\n\n<h2 class=\"wp-block-heading\">CONTINGUT WEB I ENLLA\u00c7OS (LINKS)<\/h2>\n\n<p>Fundaci\u00f3n L\u00e1zaro es reserva el dret a actualitzar, modificar o eliminar la informaci\u00f3 continguda a la seva web, podent fins i tot limitar o no permetre l&#8217;acc\u00e9s a aquesta informaci\u00f3 als usuaris.&#13;\nLa pres\u00e8ncia de &#8220;links&#8221; o enlla\u00e7os a les p\u00e0gines web t\u00e9 finalitat merament informativa i en cap cas suposa suggeriment, invitaci\u00f3 o reconeixement dels mateixos.<\/p>\n\n<h2 class=\"wp-block-heading\">PROPIETAT INTEL\u00b7LECTUAL I INDUSTRIAL<\/h2>\n\n<p>Els drets de propietat intel\u00b7lectual del contingut de les p\u00e0gines web, el seu disseny gr\u00e0fic i codis s\u00f3n titularitat de Fundaci\u00f3n L\u00e1zaro i, per tant, en queda prohibida la reproducci\u00f3, distribuci\u00f3, comunicaci\u00f3 p\u00fablica, transformaci\u00f3 o qualsevol altra activitat que es pugui realitzar amb els continguts de les seves p\u00e0gines web ni fins i tot citant les fonts, llevat del consentiment per escrit de la Fundaci\u00f3.<\/p>\n\n<h2 class=\"wp-block-heading\">COOKIES<\/h2>\n\n<p>El Lloc Web disposa de tecnologia per a la implantaci\u00f3 de fitxers anomenats cookies a l&#8217;ordinador de l&#8217;usuari. Si desitja m\u00e9s informaci\u00f3, pot consultar la nostra <a href=\"https:\/\/fundacionlazaro.es\/ca\/politica-de-cookies-eu\/\" target=\"_blank\" rel=\"noreferrer noopener\">Pol\u00edtica de cookies.<\/a><\/p>\n\n<h2 class=\"wp-block-heading\">LEGISLACI\u00d3<\/h2>\n\n<p>Amb car\u00e0cter general, les relacions entre L\u00e1zaro i els Usuaris dels seus serveis telem\u00e0tics, presents en aquest lloc web, estan sotmeses a la legislaci\u00f3 i jurisdicci\u00f3 espanyoles.<\/p>\n","protected":false},"excerpt":{"rendered":"<p>\u00daS DEL PORTAL L&#8217;usuari assumeix la responsabilitat de fer servir [&hellip;]<\/p>\n","protected":false},"author":2,"featured_media":0,"parent":0,"menu_order":0,"comment_status":"closed","ping_status":"closed","template":"","meta":{"_acf_changed":false,"gtb_hide_title":false,"gtb_wrap_title":false,"gtb_class_title":"","gtb_remove_headerfooter":false,"gtb_custom_css":"","footnotes":""},"class_list":["post-6497","page","type-page","status-publish","hentry"],"acf":[],"yoast_head":"<!-- This site is optimized with the Yoast SEO plugin v27.3 - https:\/\/yoast.com\/product\/yoast-seo-wordpress\/ -->\n<title>AV\u00cdS LEGAL - L\u00e1zaro Espa\u00f1a<\/title>\n<meta name=\"description\" content=\"AV\u00cdS LEGAL - L\u00e1zaro Espa\u00f1a\" \/>\n<meta name=\"robots\" content=\"index, follow, max-snippet:-1, max-image-preview:large, max-video-preview:-1\" \/>\n<link rel=\"canonical\" href=\"https:\/\/fundacionlazaro.es\/ca\/avis-legal\/\" \/>\n<meta property=\"og:locale\" content=\"ca_ES\" \/>\n<meta property=\"og:type\" content=\"article\" \/>\n<meta property=\"og:title\" content=\"AV\u00cdS LEGAL - L\u00e1zaro Espa\u00f1a\" \/>\n<meta property=\"og:description\" content=\"AV\u00cdS LEGAL - L\u00e1zaro Espa\u00f1a\" \/>\n<meta property=\"og:url\" content=\"https:\/\/fundacionlazaro.es\/ca\/avis-legal\/\" \/>\n<meta property=\"og:site_name\" content=\"L\u00e1zaro Espa\u00f1a\" \/>\n<meta property=\"article:modified_time\" content=\"2023-10-03T05:37:49+00:00\" \/>\n<meta name=\"twitter:card\" content=\"summary_large_image\" \/>\n<meta name=\"twitter:label1\" content=\"Temps estimat de lectura\" \/>\n\t<meta name=\"twitter:data1\" content=\"3 minuts\" \/>\n<script type=\"application\/ld+json\" class=\"yoast-schema-graph\">{\"@context\":\"https:\\\/\\\/schema.org\",\"@graph\":[{\"@type\":\"WebPage\",\"@id\":\"https:\\\/\\\/fundacionlazaro.es\\\/ca\\\/avis-legal\\\/\",\"url\":\"https:\\\/\\\/fundacionlazaro.es\\\/ca\\\/avis-legal\\\/\",\"name\":\"AV\u00cdS LEGAL - L\u00e1zaro Espa\u00f1a\",\"isPartOf\":{\"@id\":\"https:\\\/\\\/fundacionlazaro.es\\\/ca\\\/#website\"},\"datePublished\":\"2021-03-11T09:46:00+00:00\",\"dateModified\":\"2023-10-03T05:37:49+00:00\",\"description\":\"AV\u00cdS LEGAL - L\u00e1zaro Espa\u00f1a\",\"breadcrumb\":{\"@id\":\"https:\\\/\\\/fundacionlazaro.es\\\/ca\\\/avis-legal\\\/#breadcrumb\"},\"inLanguage\":\"ca\",\"potentialAction\":[{\"@type\":\"ReadAction\",\"target\":[\"https:\\\/\\\/fundacionlazaro.es\\\/ca\\\/avis-legal\\\/\"]}]},{\"@type\":\"BreadcrumbList\",\"@id\":\"https:\\\/\\\/fundacionlazaro.es\\\/ca\\\/avis-legal\\\/#breadcrumb\",\"itemListElement\":[{\"@type\":\"ListItem\",\"position\":1,\"name\":\"BIENVENIDA\",\"item\":\"https:\\\/\\\/fundacionlazaro.es\\\/ca\\\/\"},{\"@type\":\"ListItem\",\"position\":2,\"name\":\"AV\u00cdS LEGAL\"}]},{\"@type\":\"WebSite\",\"@id\":\"https:\\\/\\\/fundacionlazaro.es\\\/ca\\\/#website\",\"url\":\"https:\\\/\\\/fundacionlazaro.es\\\/ca\\\/\",\"name\":\"L\u00e1zaro Espa\u00f1a\",\"description\":\"Vivir juntos, tan simple como esto\",\"publisher\":{\"@id\":\"https:\\\/\\\/fundacionlazaro.es\\\/ca\\\/#organization\"},\"potentialAction\":[{\"@type\":\"SearchAction\",\"target\":{\"@type\":\"EntryPoint\",\"urlTemplate\":\"https:\\\/\\\/fundacionlazaro.es\\\/ca\\\/?s={search_term_string}\"},\"query-input\":{\"@type\":\"PropertyValueSpecification\",\"valueRequired\":true,\"valueName\":\"search_term_string\"}}],\"inLanguage\":\"ca\"},{\"@type\":\"Organization\",\"@id\":\"https:\\\/\\\/fundacionlazaro.es\\\/ca\\\/#organization\",\"name\":\"L\u00e1zaro Espa\u00f1a\",\"url\":\"https:\\\/\\\/fundacionlazaro.es\\\/ca\\\/\",\"logo\":{\"@type\":\"ImageObject\",\"inLanguage\":\"ca\",\"@id\":\"https:\\\/\\\/fundacionlazaro.es\\\/ca\\\/#\\\/schema\\\/logo\\\/image\\\/\",\"url\":\"https:\\\/\\\/fundacionlazaro.es\\\/wp-content\\\/uploads\\\/sites\\\/7\\\/2022\\\/03\\\/lazaro-mexico-logo-white.svg\",\"contentUrl\":\"https:\\\/\\\/fundacionlazaro.es\\\/wp-content\\\/uploads\\\/sites\\\/7\\\/2022\\\/03\\\/lazaro-mexico-logo-white.svg\",\"width\":1,\"height\":1,\"caption\":\"L\u00e1zaro Espa\u00f1a\"},\"image\":{\"@id\":\"https:\\\/\\\/fundacionlazaro.es\\\/ca\\\/#\\\/schema\\\/logo\\\/image\\\/\"}}]}<\/script>\n<!-- \/ Yoast SEO plugin. -->","yoast_head_json":{"title":"AV\u00cdS LEGAL - L\u00e1zaro Espa\u00f1a","description":"AV\u00cdS LEGAL - L\u00e1zaro Espa\u00f1a","robots":{"index":"index","follow":"follow","max-snippet":"max-snippet:-1","max-image-preview":"max-image-preview:large","max-video-preview":"max-video-preview:-1"},"canonical":"https:\/\/fundacionlazaro.es\/ca\/avis-legal\/","og_locale":"ca_ES","og_type":"article","og_title":"AV\u00cdS LEGAL - L\u00e1zaro Espa\u00f1a","og_description":"AV\u00cdS LEGAL - L\u00e1zaro Espa\u00f1a","og_url":"https:\/\/fundacionlazaro.es\/ca\/avis-legal\/","og_site_name":"L\u00e1zaro Espa\u00f1a","article_modified_time":"2023-10-03T05:37:49+00:00","twitter_card":"summary_large_image","twitter_misc":{"Temps estimat de lectura":"3 minuts"},"schema":{"@context":"https:\/\/schema.org","@graph":[{"@type":"WebPage","@id":"https:\/\/fundacionlazaro.es\/ca\/avis-legal\/","url":"https:\/\/fundacionlazaro.es\/ca\/avis-legal\/","name":"AV\u00cdS LEGAL - L\u00e1zaro Espa\u00f1a","isPartOf":{"@id":"https:\/\/fundacionlazaro.es\/ca\/#website"},"datePublished":"2021-03-11T09:46:00+00:00","dateModified":"2023-10-03T05:37:49+00:00","description":"AV\u00cdS LEGAL - L\u00e1zaro Espa\u00f1a","breadcrumb":{"@id":"https:\/\/fundacionlazaro.es\/ca\/avis-legal\/#breadcrumb"},"inLanguage":"ca","potentialAction":[{"@type":"ReadAction","target":["https:\/\/fundacionlazaro.es\/ca\/avis-legal\/"]}]},{"@type":"BreadcrumbList","@id":"https:\/\/fundacionlazaro.es\/ca\/avis-legal\/#breadcrumb","itemListElement":[{"@type":"ListItem","position":1,"name":"BIENVENIDA","item":"https:\/\/fundacionlazaro.es\/ca\/"},{"@type":"ListItem","position":2,"name":"AV\u00cdS LEGAL"}]},{"@type":"WebSite","@id":"https:\/\/fundacionlazaro.es\/ca\/#website","url":"https:\/\/fundacionlazaro.es\/ca\/","name":"L\u00e1zaro Espa\u00f1a","description":"Vivir juntos, tan simple como esto","publisher":{"@id":"https:\/\/fundacionlazaro.es\/ca\/#organization"},"potentialAction":[{"@type":"SearchAction","target":{"@type":"EntryPoint","urlTemplate":"https:\/\/fundacionlazaro.es\/ca\/?s={search_term_string}"},"query-input":{"@type":"PropertyValueSpecification","valueRequired":true,"valueName":"search_term_string"}}],"inLanguage":"ca"},{"@type":"Organization","@id":"https:\/\/fundacionlazaro.es\/ca\/#organization","name":"L\u00e1zaro Espa\u00f1a","url":"https:\/\/fundacionlazaro.es\/ca\/","logo":{"@type":"ImageObject","inLanguage":"ca","@id":"https:\/\/fundacionlazaro.es\/ca\/#\/schema\/logo\/image\/","url":"https:\/\/fundacionlazaro.es\/wp-content\/uploads\/sites\/7\/2022\/03\/lazaro-mexico-logo-white.svg","contentUrl":"https:\/\/fundacionlazaro.es\/wp-content\/uploads\/sites\/7\/2022\/03\/lazaro-mexico-logo-white.svg","width":1,"height":1,"caption":"L\u00e1zaro Espa\u00f1a"},"image":{"@id":"https:\/\/fundacionlazaro.es\/ca\/#\/schema\/logo\/image\/"}}]}},"_links":{"self":[{"href":"https:\/\/fundacionlazaro.es\/ca\/wp-json\/wp\/v2\/pages\/6497","targetHints":{"allow":["GET"]}}],"collection":[{"href":"https:\/\/fundacionlazaro.es\/ca\/wp-json\/wp\/v2\/pages"}],"about":[{"href":"https:\/\/fundacionlazaro.es\/ca\/wp-json\/wp\/v2\/types\/page"}],"author":[{"embeddable":true,"href":"https:\/\/fundacionlazaro.es\/ca\/wp-json\/wp\/v2\/users\/2"}],"replies":[{"embeddable":true,"href":"https:\/\/fundacionlazaro.es\/ca\/wp-json\/wp\/v2\/comments?post=6497"}],"version-history":[{"count":0,"href":"https:\/\/fundacionlazaro.es\/ca\/wp-json\/wp\/v2\/pages\/6497\/revisions"}],"wp:attachment":[{"href":"https:\/\/fundacionlazaro.es\/ca\/wp-json\/wp\/v2\/media?parent=6497"}],"curies":[{"name":"wp","href":"https:\/\/api.w.org\/{rel}","templated":true}]}}