{"id":6499,"date":"2021-03-11T15:48:34","date_gmt":"2021-03-11T15:48:34","guid":{"rendered":"https:\/\/lazaremulti-es.varjak.fr\/hacer-una-donacion\/"},"modified":"2023-09-25T17:13:36","modified_gmt":"2023-09-25T17:13:36","slug":"fer-una-donacio","status":"publish","type":"page","link":"https:\/\/fundacionlazaro.es\/ca\/fer-una-donacio\/","title":{"rendered":"Fer una donaci\u00f3"},"content":{"rendered":"","protected":false},"excerpt":{"rendered":"","protected":false},"author":81,"featured_media":5970,"parent":0,"menu_order":0,"comment_status":"closed","ping_status":"closed","template":"template-dons.php","meta":{"_acf_changed":false,"gtb_hide_title":false,"gtb_wrap_title":false,"gtb_class_title":"","gtb_remove_headerfooter":false,"gtb_custom_css":"","footnotes":""},"class_list":["post-6499","page","type-page","status-publish","has-post-thumbnail","hentry"],"acf":[],"yoast_head":"<!-- This site is optimized with the Yoast SEO plugin v27.3 - https:\/\/yoast.com\/product\/yoast-seo-wordpress\/ -->\n<title>Fer una donaci\u00f3 - L\u00e1zaro Espa\u00f1a<\/title>\n<meta name=\"description\" content=\"Ajuda&#039;ns a desenvolupar l&#039;allotjament compartit entre persones sense llar i joves treballadors fent una donaci\u00f3! L\u00e1zaro Espa\u00f1a\" \/>\n<meta name=\"robots\" content=\"index, follow, max-snippet:-1, max-image-preview:large, max-video-preview:-1\" \/>\n<link rel=\"canonical\" href=\"https:\/\/fundacionlazaro.es\/ca\/fer-una-donacio\/\" \/>\n<meta property=\"og:locale\" content=\"ca_ES\" \/>\n<meta property=\"og:type\" content=\"article\" \/>\n<meta property=\"og:title\" content=\"Fer una donaci\u00f3 - L\u00e1zaro Espa\u00f1a\" \/>\n<meta property=\"og:description\" content=\"Ajuda&#039;ns a desenvolupar l&#039;allotjament compartit entre persones sense llar i joves treballadors fent una donaci\u00f3! L\u00e1zaro Espa\u00f1a\" \/>\n<meta property=\"og:url\" content=\"https:\/\/fundacionlazaro.es\/ca\/fer-una-donacio\/\" \/>\n<meta property=\"og:site_name\" content=\"L\u00e1zaro Espa\u00f1a\" \/>\n<meta property=\"article:modified_time\" content=\"2023-09-25T17:13:36+00:00\" \/>\n<meta property=\"og:image\" content=\"https:\/\/fundacionlazaro.es\/wp-content\/uploads\/sites\/7\/2021\/04\/01-nav-headers-bg-1.jpg\" \/>\n\t<meta property=\"og:image:width\" content=\"1440\" \/>\n\t<meta property=\"og:image:height\" content=\"400\" \/>\n\t<meta property=\"og:image:type\" content=\"image\/jpeg\" \/>\n<meta name=\"twitter:card\" content=\"summary_large_image\" \/>\n<script type=\"application\/ld+json\" class=\"yoast-schema-graph\">{\"@context\":\"https:\\\/\\\/schema.org\",\"@graph\":[{\"@type\":\"WebPage\",\"@id\":\"https:\\\/\\\/fundacionlazaro.es\\\/ca\\\/fer-una-donacio\\\/\",\"url\":\"https:\\\/\\\/fundacionlazaro.es\\\/ca\\\/fer-una-donacio\\\/\",\"name\":\"Fer una donaci\u00f3 - L\u00e1zaro Espa\u00f1a\",\"isPartOf\":{\"@id\":\"https:\\\/\\\/fundacionlazaro.es\\\/ca\\\/#website\"},\"primaryImageOfPage\":{\"@id\":\"https:\\\/\\\/fundacionlazaro.es\\\/ca\\\/fer-una-donacio\\\/#primaryimage\"},\"image\":{\"@id\":\"https:\\\/\\\/fundacionlazaro.es\\\/ca\\\/fer-una-donacio\\\/#primaryimage\"},\"thumbnailUrl\":\"https:\\\/\\\/fundacionlazaro.es\\\/wp-content\\\/uploads\\\/sites\\\/7\\\/2021\\\/04\\\/01-nav-headers-bg-1.jpg\",\"datePublished\":\"2021-03-11T15:48:34+00:00\",\"dateModified\":\"2023-09-25T17:13:36+00:00\",\"description\":\"Ajuda'ns a desenvolupar l'allotjament compartit entre persones sense llar i joves treballadors fent una donaci\u00f3! L\u00e1zaro Espa\u00f1a\",\"breadcrumb\":{\"@id\":\"https:\\\/\\\/fundacionlazaro.es\\\/ca\\\/fer-una-donacio\\\/#breadcrumb\"},\"inLanguage\":\"ca\",\"potentialAction\":[{\"@type\":\"ReadAction\",\"target\":[\"https:\\\/\\\/fundacionlazaro.es\\\/ca\\\/fer-una-donacio\\\/\"]}]},{\"@type\":\"ImageObject\",\"inLanguage\":\"ca\",\"@id\":\"https:\\\/\\\/fundacionlazaro.es\\\/ca\\\/fer-una-donacio\\\/#primaryimage\",\"url\":\"https:\\\/\\\/fundacionlazaro.es\\\/wp-content\\\/uploads\\\/sites\\\/7\\\/2021\\\/04\\\/01-nav-headers-bg-1.jpg\",\"contentUrl\":\"https:\\\/\\\/fundacionlazaro.es\\\/wp-content\\\/uploads\\\/sites\\\/7\\\/2021\\\/04\\\/01-nav-headers-bg-1.jpg\",\"width\":1440,\"height\":400,\"caption\":\"Portrait colocataire - Association Lazare\"},{\"@type\":\"BreadcrumbList\",\"@id\":\"https:\\\/\\\/fundacionlazaro.es\\\/ca\\\/fer-una-donacio\\\/#breadcrumb\",\"itemListElement\":[{\"@type\":\"ListItem\",\"position\":1,\"name\":\"BIENVENIDA\",\"item\":\"https:\\\/\\\/fundacionlazaro.es\\\/ca\\\/\"},{\"@type\":\"ListItem\",\"position\":2,\"name\":\"Fer una donaci\u00f3\"}]},{\"@type\":\"WebSite\",\"@id\":\"https:\\\/\\\/fundacionlazaro.es\\\/ca\\\/#website\",\"url\":\"https:\\\/\\\/fundacionlazaro.es\\\/ca\\\/\",\"name\":\"L\u00e1zaro Espa\u00f1a\",\"description\":\"Vivir juntos, tan simple como esto\",\"publisher\":{\"@id\":\"https:\\\/\\\/fundacionlazaro.es\\\/ca\\\/#organization\"},\"potentialAction\":[{\"@type\":\"SearchAction\",\"target\":{\"@type\":\"EntryPoint\",\"urlTemplate\":\"https:\\\/\\\/fundacionlazaro.es\\\/ca\\\/?s={search_term_string}\"},\"query-input\":{\"@type\":\"PropertyValueSpecification\",\"valueRequired\":true,\"valueName\":\"search_term_string\"}}],\"inLanguage\":\"ca\"},{\"@type\":\"Organization\",\"@id\":\"https:\\\/\\\/fundacionlazaro.es\\\/ca\\\/#organization\",\"name\":\"L\u00e1zaro Espa\u00f1a\",\"url\":\"https:\\\/\\\/fundacionlazaro.es\\\/ca\\\/\",\"logo\":{\"@type\":\"ImageObject\",\"inLanguage\":\"ca\",\"@id\":\"https:\\\/\\\/fundacionlazaro.es\\\/ca\\\/#\\\/schema\\\/logo\\\/image\\\/\",\"url\":\"https:\\\/\\\/fundacionlazaro.es\\\/wp-content\\\/uploads\\\/sites\\\/7\\\/2022\\\/03\\\/lazaro-mexico-logo-white.svg\",\"contentUrl\":\"https:\\\/\\\/fundacionlazaro.es\\\/wp-content\\\/uploads\\\/sites\\\/7\\\/2022\\\/03\\\/lazaro-mexico-logo-white.svg\",\"width\":1,\"height\":1,\"caption\":\"L\u00e1zaro Espa\u00f1a\"},\"image\":{\"@id\":\"https:\\\/\\\/fundacionlazaro.es\\\/ca\\\/#\\\/schema\\\/logo\\\/image\\\/\"}}]}<\/script>\n<!-- \/ Yoast SEO plugin. -->","yoast_head_json":{"title":"Fer una donaci\u00f3 - L\u00e1zaro Espa\u00f1a","description":"Ajuda'ns a desenvolupar l'allotjament compartit entre persones sense llar i joves treballadors fent una donaci\u00f3! L\u00e1zaro Espa\u00f1a","robots":{"index":"index","follow":"follow","max-snippet":"max-snippet:-1","max-image-preview":"max-image-preview:large","max-video-preview":"max-video-preview:-1"},"canonical":"https:\/\/fundacionlazaro.es\/ca\/fer-una-donacio\/","og_locale":"ca_ES","og_type":"article","og_title":"Fer una donaci\u00f3 - L\u00e1zaro Espa\u00f1a","og_description":"Ajuda'ns a desenvolupar l'allotjament compartit entre persones sense llar i joves treballadors fent una donaci\u00f3! L\u00e1zaro Espa\u00f1a","og_url":"https:\/\/fundacionlazaro.es\/ca\/fer-una-donacio\/","og_site_name":"L\u00e1zaro Espa\u00f1a","article_modified_time":"2023-09-25T17:13:36+00:00","og_image":[{"width":1440,"height":400,"url":"https:\/\/fundacionlazaro.es\/wp-content\/uploads\/sites\/7\/2021\/04\/01-nav-headers-bg-1.jpg","type":"image\/jpeg"}],"twitter_card":"summary_large_image","schema":{"@context":"https:\/\/schema.org","@graph":[{"@type":"WebPage","@id":"https:\/\/fundacionlazaro.es\/ca\/fer-una-donacio\/","url":"https:\/\/fundacionlazaro.es\/ca\/fer-una-donacio\/","name":"Fer una donaci\u00f3 - L\u00e1zaro Espa\u00f1a","isPartOf":{"@id":"https:\/\/fundacionlazaro.es\/ca\/#website"},"primaryImageOfPage":{"@id":"https:\/\/fundacionlazaro.es\/ca\/fer-una-donacio\/#primaryimage"},"image":{"@id":"https:\/\/fundacionlazaro.es\/ca\/fer-una-donacio\/#primaryimage"},"thumbnailUrl":"https:\/\/fundacionlazaro.es\/wp-content\/uploads\/sites\/7\/2021\/04\/01-nav-headers-bg-1.jpg","datePublished":"2021-03-11T15:48:34+00:00","dateModified":"2023-09-25T17:13:36+00:00","description":"Ajuda'ns a desenvolupar l'allotjament compartit entre persones sense llar i joves treballadors fent una donaci\u00f3! L\u00e1zaro Espa\u00f1a","breadcrumb":{"@id":"https:\/\/fundacionlazaro.es\/ca\/fer-una-donacio\/#breadcrumb"},"inLanguage":"ca","potentialAction":[{"@type":"ReadAction","target":["https:\/\/fundacionlazaro.es\/ca\/fer-una-donacio\/"]}]},{"@type":"ImageObject","inLanguage":"ca","@id":"https:\/\/fundacionlazaro.es\/ca\/fer-una-donacio\/#primaryimage","url":"https:\/\/fundacionlazaro.es\/wp-content\/uploads\/sites\/7\/2021\/04\/01-nav-headers-bg-1.jpg","contentUrl":"https:\/\/fundacionlazaro.es\/wp-content\/uploads\/sites\/7\/2021\/04\/01-nav-headers-bg-1.jpg","width":1440,"height":400,"caption":"Portrait colocataire - Association Lazare"},{"@type":"BreadcrumbList","@id":"https:\/\/fundacionlazaro.es\/ca\/fer-una-donacio\/#breadcrumb","itemListElement":[{"@type":"ListItem","position":1,"name":"BIENVENIDA","item":"https:\/\/fundacionlazaro.es\/ca\/"},{"@type":"ListItem","position":2,"name":"Fer una donaci\u00f3"}]},{"@type":"WebSite","@id":"https:\/\/fundacionlazaro.es\/ca\/#website","url":"https:\/\/fundacionlazaro.es\/ca\/","name":"L\u00e1zaro Espa\u00f1a","description":"Vivir juntos, tan simple como esto","publisher":{"@id":"https:\/\/fundacionlazaro.es\/ca\/#organization"},"potentialAction":[{"@type":"SearchAction","target":{"@type":"EntryPoint","urlTemplate":"https:\/\/fundacionlazaro.es\/ca\/?s={search_term_string}"},"query-input":{"@type":"PropertyValueSpecification","valueRequired":true,"valueName":"search_term_string"}}],"inLanguage":"ca"},{"@type":"Organization","@id":"https:\/\/fundacionlazaro.es\/ca\/#organization","name":"L\u00e1zaro Espa\u00f1a","url":"https:\/\/fundacionlazaro.es\/ca\/","logo":{"@type":"ImageObject","inLanguage":"ca","@id":"https:\/\/fundacionlazaro.es\/ca\/#\/schema\/logo\/image\/","url":"https:\/\/fundacionlazaro.es\/wp-content\/uploads\/sites\/7\/2022\/03\/lazaro-mexico-logo-white.svg","contentUrl":"https:\/\/fundacionlazaro.es\/wp-content\/uploads\/sites\/7\/2022\/03\/lazaro-mexico-logo-white.svg","width":1,"height":1,"caption":"L\u00e1zaro Espa\u00f1a"},"image":{"@id":"https:\/\/fundacionlazaro.es\/ca\/#\/schema\/logo\/image\/"}}]}},"_links":{"self":[{"href":"https:\/\/fundacionlazaro.es\/ca\/wp-json\/wp\/v2\/pages\/6499","targetHints":{"allow":["GET"]}}],"collection":[{"href":"https:\/\/fundacionlazaro.es\/ca\/wp-json\/wp\/v2\/pages"}],"about":[{"href":"https:\/\/fundacionlazaro.es\/ca\/wp-json\/wp\/v2\/types\/page"}],"author":[{"embeddable":true,"href":"https:\/\/fundacionlazaro.es\/ca\/wp-json\/wp\/v2\/users\/81"}],"replies":[{"embeddable":true,"href":"https:\/\/fundacionlazaro.es\/ca\/wp-json\/wp\/v2\/comments?post=6499"}],"version-history":[{"count":0,"href":"https:\/\/fundacionlazaro.es\/ca\/wp-json\/wp\/v2\/pages\/6499\/revisions"}],"wp:featuredmedia":[{"embeddable":true,"href":"https:\/\/fundacionlazaro.es\/ca\/wp-json\/wp\/v2\/media\/5970"}],"wp:attachment":[{"href":"https:\/\/fundacionlazaro.es\/ca\/wp-json\/wp\/v2\/media?parent=6499"}],"curies":[{"name":"wp","href":"https:\/\/api.w.org\/{rel}","templated":true}]}}