{"id":6506,"date":"2021-03-11T15:49:19","date_gmt":"2021-03-11T15:49:19","guid":{"rendered":"https:\/\/lazaremulti-es.varjak.fr\/nuestras-noticias\/"},"modified":"2023-09-25T17:29:55","modified_gmt":"2023-09-25T17:29:55","slug":"nostres-noticies","status":"publish","type":"page","link":"https:\/\/fundacionlazaro.es\/ca\/nostres-noticies\/","title":{"rendered":"Les nostres not\u00edcies"},"content":{"rendered":"","protected":false},"excerpt":{"rendered":"","protected":false},"author":2,"featured_media":5945,"parent":0,"menu_order":0,"comment_status":"closed","ping_status":"closed","template":"template-actu.php","meta":{"_acf_changed":false,"gtb_hide_title":false,"gtb_wrap_title":false,"gtb_class_title":"","gtb_remove_headerfooter":false,"gtb_custom_css":"","footnotes":""},"class_list":["post-6506","page","type-page","status-publish","has-post-thumbnail","hentry"],"acf":[],"yoast_head":"<!-- This site is optimized with the Yoast SEO plugin v27.3 - https:\/\/yoast.com\/product\/yoast-seo-wordpress\/ -->\n<title>Les nostres not\u00edcies - L\u00e1zaro Espa\u00f1a<\/title>\n<meta name=\"robots\" content=\"index, follow, max-snippet:-1, max-image-preview:large, max-video-preview:-1\" \/>\n<link rel=\"canonical\" href=\"https:\/\/fundacionlazaro.es\/ca\/nostres-noticies\/\" \/>\n<meta property=\"og:locale\" content=\"ca_ES\" \/>\n<meta property=\"og:type\" content=\"article\" \/>\n<meta property=\"og:title\" content=\"Les nostres not\u00edcies - L\u00e1zaro Espa\u00f1a\" \/>\n<meta property=\"og:url\" content=\"https:\/\/fundacionlazaro.es\/ca\/nostres-noticies\/\" \/>\n<meta property=\"og:site_name\" content=\"L\u00e1zaro Espa\u00f1a\" \/>\n<meta property=\"article:modified_time\" content=\"2023-09-25T17:29:55+00:00\" \/>\n<meta property=\"og:image\" content=\"https:\/\/fundacionlazaro.es\/wp-content\/uploads\/sites\/7\/2021\/03\/lazare-contact-e1628274046432.png\" \/>\n\t<meta property=\"og:image:width\" content=\"1438\" \/>\n\t<meta property=\"og:image:height\" content=\"391\" \/>\n\t<meta property=\"og:image:type\" content=\"image\/png\" \/>\n<meta name=\"twitter:card\" content=\"summary_large_image\" \/>\n<script type=\"application\/ld+json\" class=\"yoast-schema-graph\">{\"@context\":\"https:\\\/\\\/schema.org\",\"@graph\":[{\"@type\":\"WebPage\",\"@id\":\"https:\\\/\\\/fundacionlazaro.es\\\/ca\\\/nostres-noticies\\\/\",\"url\":\"https:\\\/\\\/fundacionlazaro.es\\\/ca\\\/nostres-noticies\\\/\",\"name\":\"Les nostres not\u00edcies - L\u00e1zaro Espa\u00f1a\",\"isPartOf\":{\"@id\":\"https:\\\/\\\/fundacionlazaro.es\\\/ca\\\/#website\"},\"primaryImageOfPage\":{\"@id\":\"https:\\\/\\\/fundacionlazaro.es\\\/ca\\\/nostres-noticies\\\/#primaryimage\"},\"image\":{\"@id\":\"https:\\\/\\\/fundacionlazaro.es\\\/ca\\\/nostres-noticies\\\/#primaryimage\"},\"thumbnailUrl\":\"https:\\\/\\\/fundacionlazaro.es\\\/wp-content\\\/uploads\\\/sites\\\/7\\\/2021\\\/03\\\/lazare-contact-e1628274046432.png\",\"datePublished\":\"2021-03-11T15:49:19+00:00\",\"dateModified\":\"2023-09-25T17:29:55+00:00\",\"breadcrumb\":{\"@id\":\"https:\\\/\\\/fundacionlazaro.es\\\/ca\\\/nostres-noticies\\\/#breadcrumb\"},\"inLanguage\":\"ca\",\"potentialAction\":[{\"@type\":\"ReadAction\",\"target\":[\"https:\\\/\\\/fundacionlazaro.es\\\/ca\\\/nostres-noticies\\\/\"]}]},{\"@type\":\"ImageObject\",\"inLanguage\":\"ca\",\"@id\":\"https:\\\/\\\/fundacionlazaro.es\\\/ca\\\/nostres-noticies\\\/#primaryimage\",\"url\":\"https:\\\/\\\/fundacionlazaro.es\\\/wp-content\\\/uploads\\\/sites\\\/7\\\/2021\\\/03\\\/lazare-contact-e1628274046432.png\",\"contentUrl\":\"https:\\\/\\\/fundacionlazaro.es\\\/wp-content\\\/uploads\\\/sites\\\/7\\\/2021\\\/03\\\/lazare-contact-e1628274046432.png\",\"width\":1438,\"height\":391},{\"@type\":\"BreadcrumbList\",\"@id\":\"https:\\\/\\\/fundacionlazaro.es\\\/ca\\\/nostres-noticies\\\/#breadcrumb\",\"itemListElement\":[{\"@type\":\"ListItem\",\"position\":1,\"name\":\"BIENVENIDA\",\"item\":\"https:\\\/\\\/fundacionlazaro.es\\\/ca\\\/\"},{\"@type\":\"ListItem\",\"position\":2,\"name\":\"Les nostres not\u00edcies\"}]},{\"@type\":\"WebSite\",\"@id\":\"https:\\\/\\\/fundacionlazaro.es\\\/ca\\\/#website\",\"url\":\"https:\\\/\\\/fundacionlazaro.es\\\/ca\\\/\",\"name\":\"L\u00e1zaro Espa\u00f1a\",\"description\":\"Vivir juntos, tan simple como esto\",\"publisher\":{\"@id\":\"https:\\\/\\\/fundacionlazaro.es\\\/ca\\\/#organization\"},\"potentialAction\":[{\"@type\":\"SearchAction\",\"target\":{\"@type\":\"EntryPoint\",\"urlTemplate\":\"https:\\\/\\\/fundacionlazaro.es\\\/ca\\\/?s={search_term_string}\"},\"query-input\":{\"@type\":\"PropertyValueSpecification\",\"valueRequired\":true,\"valueName\":\"search_term_string\"}}],\"inLanguage\":\"ca\"},{\"@type\":\"Organization\",\"@id\":\"https:\\\/\\\/fundacionlazaro.es\\\/ca\\\/#organization\",\"name\":\"L\u00e1zaro Espa\u00f1a\",\"url\":\"https:\\\/\\\/fundacionlazaro.es\\\/ca\\\/\",\"logo\":{\"@type\":\"ImageObject\",\"inLanguage\":\"ca\",\"@id\":\"https:\\\/\\\/fundacionlazaro.es\\\/ca\\\/#\\\/schema\\\/logo\\\/image\\\/\",\"url\":\"https:\\\/\\\/fundacionlazaro.es\\\/wp-content\\\/uploads\\\/sites\\\/7\\\/2022\\\/03\\\/lazaro-mexico-logo-white.svg\",\"contentUrl\":\"https:\\\/\\\/fundacionlazaro.es\\\/wp-content\\\/uploads\\\/sites\\\/7\\\/2022\\\/03\\\/lazaro-mexico-logo-white.svg\",\"width\":1,\"height\":1,\"caption\":\"L\u00e1zaro Espa\u00f1a\"},\"image\":{\"@id\":\"https:\\\/\\\/fundacionlazaro.es\\\/ca\\\/#\\\/schema\\\/logo\\\/image\\\/\"}}]}<\/script>\n<!-- \/ Yoast SEO plugin. -->","yoast_head_json":{"title":"Les nostres not\u00edcies - L\u00e1zaro Espa\u00f1a","robots":{"index":"index","follow":"follow","max-snippet":"max-snippet:-1","max-image-preview":"max-image-preview:large","max-video-preview":"max-video-preview:-1"},"canonical":"https:\/\/fundacionlazaro.es\/ca\/nostres-noticies\/","og_locale":"ca_ES","og_type":"article","og_title":"Les nostres not\u00edcies - L\u00e1zaro Espa\u00f1a","og_url":"https:\/\/fundacionlazaro.es\/ca\/nostres-noticies\/","og_site_name":"L\u00e1zaro Espa\u00f1a","article_modified_time":"2023-09-25T17:29:55+00:00","og_image":[{"width":1438,"height":391,"url":"https:\/\/fundacionlazaro.es\/wp-content\/uploads\/sites\/7\/2021\/03\/lazare-contact-e1628274046432.png","type":"image\/png"}],"twitter_card":"summary_large_image","schema":{"@context":"https:\/\/schema.org","@graph":[{"@type":"WebPage","@id":"https:\/\/fundacionlazaro.es\/ca\/nostres-noticies\/","url":"https:\/\/fundacionlazaro.es\/ca\/nostres-noticies\/","name":"Les nostres not\u00edcies - L\u00e1zaro Espa\u00f1a","isPartOf":{"@id":"https:\/\/fundacionlazaro.es\/ca\/#website"},"primaryImageOfPage":{"@id":"https:\/\/fundacionlazaro.es\/ca\/nostres-noticies\/#primaryimage"},"image":{"@id":"https:\/\/fundacionlazaro.es\/ca\/nostres-noticies\/#primaryimage"},"thumbnailUrl":"https:\/\/fundacionlazaro.es\/wp-content\/uploads\/sites\/7\/2021\/03\/lazare-contact-e1628274046432.png","datePublished":"2021-03-11T15:49:19+00:00","dateModified":"2023-09-25T17:29:55+00:00","breadcrumb":{"@id":"https:\/\/fundacionlazaro.es\/ca\/nostres-noticies\/#breadcrumb"},"inLanguage":"ca","potentialAction":[{"@type":"ReadAction","target":["https:\/\/fundacionlazaro.es\/ca\/nostres-noticies\/"]}]},{"@type":"ImageObject","inLanguage":"ca","@id":"https:\/\/fundacionlazaro.es\/ca\/nostres-noticies\/#primaryimage","url":"https:\/\/fundacionlazaro.es\/wp-content\/uploads\/sites\/7\/2021\/03\/lazare-contact-e1628274046432.png","contentUrl":"https:\/\/fundacionlazaro.es\/wp-content\/uploads\/sites\/7\/2021\/03\/lazare-contact-e1628274046432.png","width":1438,"height":391},{"@type":"BreadcrumbList","@id":"https:\/\/fundacionlazaro.es\/ca\/nostres-noticies\/#breadcrumb","itemListElement":[{"@type":"ListItem","position":1,"name":"BIENVENIDA","item":"https:\/\/fundacionlazaro.es\/ca\/"},{"@type":"ListItem","position":2,"name":"Les nostres not\u00edcies"}]},{"@type":"WebSite","@id":"https:\/\/fundacionlazaro.es\/ca\/#website","url":"https:\/\/fundacionlazaro.es\/ca\/","name":"L\u00e1zaro Espa\u00f1a","description":"Vivir juntos, tan simple como esto","publisher":{"@id":"https:\/\/fundacionlazaro.es\/ca\/#organization"},"potentialAction":[{"@type":"SearchAction","target":{"@type":"EntryPoint","urlTemplate":"https:\/\/fundacionlazaro.es\/ca\/?s={search_term_string}"},"query-input":{"@type":"PropertyValueSpecification","valueRequired":true,"valueName":"search_term_string"}}],"inLanguage":"ca"},{"@type":"Organization","@id":"https:\/\/fundacionlazaro.es\/ca\/#organization","name":"L\u00e1zaro Espa\u00f1a","url":"https:\/\/fundacionlazaro.es\/ca\/","logo":{"@type":"ImageObject","inLanguage":"ca","@id":"https:\/\/fundacionlazaro.es\/ca\/#\/schema\/logo\/image\/","url":"https:\/\/fundacionlazaro.es\/wp-content\/uploads\/sites\/7\/2022\/03\/lazaro-mexico-logo-white.svg","contentUrl":"https:\/\/fundacionlazaro.es\/wp-content\/uploads\/sites\/7\/2022\/03\/lazaro-mexico-logo-white.svg","width":1,"height":1,"caption":"L\u00e1zaro Espa\u00f1a"},"image":{"@id":"https:\/\/fundacionlazaro.es\/ca\/#\/schema\/logo\/image\/"}}]}},"_links":{"self":[{"href":"https:\/\/fundacionlazaro.es\/ca\/wp-json\/wp\/v2\/pages\/6506","targetHints":{"allow":["GET"]}}],"collection":[{"href":"https:\/\/fundacionlazaro.es\/ca\/wp-json\/wp\/v2\/pages"}],"about":[{"href":"https:\/\/fundacionlazaro.es\/ca\/wp-json\/wp\/v2\/types\/page"}],"author":[{"embeddable":true,"href":"https:\/\/fundacionlazaro.es\/ca\/wp-json\/wp\/v2\/users\/2"}],"replies":[{"embeddable":true,"href":"https:\/\/fundacionlazaro.es\/ca\/wp-json\/wp\/v2\/comments?post=6506"}],"version-history":[{"count":0,"href":"https:\/\/fundacionlazaro.es\/ca\/wp-json\/wp\/v2\/pages\/6506\/revisions"}],"wp:featuredmedia":[{"embeddable":true,"href":"https:\/\/fundacionlazaro.es\/ca\/wp-json\/wp\/v2\/media\/5945"}],"wp:attachment":[{"href":"https:\/\/fundacionlazaro.es\/ca\/wp-json\/wp\/v2\/media?parent=6506"}],"curies":[{"name":"wp","href":"https:\/\/api.w.org\/{rel}","templated":true}]}}