{"id":6514,"date":"2021-06-04T12:17:52","date_gmt":"2021-06-04T12:17:52","guid":{"rendered":"https:\/\/lazaremulti-es.varjak.fr\/vivir-en-lazaro\/"},"modified":"2023-10-03T09:44:48","modified_gmt":"2023-10-03T09:44:48","slug":"viure-a-lazaro","status":"publish","type":"page","link":"https:\/\/fundacionlazaro.es\/ca\/viure-a-lazaro\/","title":{"rendered":"Viure a L\u00e1zaro"},"content":{"rendered":"","protected":false},"excerpt":{"rendered":"","protected":false},"author":22,"featured_media":6020,"parent":0,"menu_order":0,"comment_status":"closed","ping_status":"closed","template":"template-han.php","meta":{"_acf_changed":false,"gtb_hide_title":false,"gtb_wrap_title":false,"gtb_class_title":"","gtb_remove_headerfooter":false,"gtb_custom_css":"","footnotes":""},"class_list":["post-6514","page","type-page","status-publish","has-post-thumbnail","hentry"],"acf":[],"yoast_head":"<!-- This site is optimized with the Yoast SEO plugin v27.3 - https:\/\/yoast.com\/product\/yoast-seo-wordpress\/ -->\n<title>Viure a L\u00e1zaro - L\u00e1zaro Espa\u00f1a<\/title>\n<meta name=\"description\" content=\"Els nostres pisos solidaris, col\u00b7laboratius i intergeneracionals, s\u00f3n una resposta a la solitud i la precarietat de les persones sense llar.\" \/>\n<meta name=\"robots\" content=\"index, follow, max-snippet:-1, max-image-preview:large, max-video-preview:-1\" \/>\n<link rel=\"canonical\" href=\"https:\/\/fundacionlazaro.es\/ca\/viure-a-lazaro\/\" \/>\n<meta property=\"og:locale\" content=\"ca_ES\" \/>\n<meta property=\"og:type\" content=\"article\" \/>\n<meta property=\"og:title\" content=\"Viure a L\u00e1zaro - L\u00e1zaro Espa\u00f1a\" \/>\n<meta property=\"og:description\" content=\"Els nostres pisos solidaris, col\u00b7laboratius i intergeneracionals, s\u00f3n una resposta a la solitud i la precarietat de les persones sense llar.\" \/>\n<meta property=\"og:url\" content=\"https:\/\/fundacionlazaro.es\/ca\/viure-a-lazaro\/\" \/>\n<meta property=\"og:site_name\" content=\"L\u00e1zaro Espa\u00f1a\" \/>\n<meta property=\"article:modified_time\" content=\"2023-10-03T09:44:48+00:00\" \/>\n<meta property=\"og:image\" content=\"https:\/\/fundacionlazaro.es\/wp-content\/uploads\/sites\/7\/2021\/07\/Couv.jpg\" \/>\n\t<meta property=\"og:image:width\" content=\"1440\" \/>\n\t<meta property=\"og:image:height\" content=\"400\" \/>\n\t<meta property=\"og:image:type\" content=\"image\/jpeg\" \/>\n<meta name=\"twitter:card\" content=\"summary_large_image\" \/>\n<script type=\"application\/ld+json\" class=\"yoast-schema-graph\">{\"@context\":\"https:\\\/\\\/schema.org\",\"@graph\":[{\"@type\":\"WebPage\",\"@id\":\"https:\\\/\\\/fundacionlazaro.es\\\/ca\\\/viure-a-lazaro\\\/\",\"url\":\"https:\\\/\\\/fundacionlazaro.es\\\/ca\\\/viure-a-lazaro\\\/\",\"name\":\"Viure a L\u00e1zaro - L\u00e1zaro Espa\u00f1a\",\"isPartOf\":{\"@id\":\"https:\\\/\\\/fundacionlazaro.es\\\/ca\\\/#website\"},\"primaryImageOfPage\":{\"@id\":\"https:\\\/\\\/fundacionlazaro.es\\\/ca\\\/viure-a-lazaro\\\/#primaryimage\"},\"image\":{\"@id\":\"https:\\\/\\\/fundacionlazaro.es\\\/ca\\\/viure-a-lazaro\\\/#primaryimage\"},\"thumbnailUrl\":\"https:\\\/\\\/fundacionlazaro.es\\\/wp-content\\\/uploads\\\/sites\\\/7\\\/2021\\\/07\\\/Couv.jpg\",\"datePublished\":\"2021-06-04T12:17:52+00:00\",\"dateModified\":\"2023-10-03T09:44:48+00:00\",\"description\":\"Els nostres pisos solidaris, col\u00b7laboratius i intergeneracionals, s\u00f3n una resposta a la solitud i la precarietat de les persones sense llar.\",\"breadcrumb\":{\"@id\":\"https:\\\/\\\/fundacionlazaro.es\\\/ca\\\/viure-a-lazaro\\\/#breadcrumb\"},\"inLanguage\":\"ca\",\"potentialAction\":[{\"@type\":\"ReadAction\",\"target\":[\"https:\\\/\\\/fundacionlazaro.es\\\/ca\\\/viure-a-lazaro\\\/\"]}]},{\"@type\":\"ImageObject\",\"inLanguage\":\"ca\",\"@id\":\"https:\\\/\\\/fundacionlazaro.es\\\/ca\\\/viure-a-lazaro\\\/#primaryimage\",\"url\":\"https:\\\/\\\/fundacionlazaro.es\\\/wp-content\\\/uploads\\\/sites\\\/7\\\/2021\\\/07\\\/Couv.jpg\",\"contentUrl\":\"https:\\\/\\\/fundacionlazaro.es\\\/wp-content\\\/uploads\\\/sites\\\/7\\\/2021\\\/07\\\/Couv.jpg\",\"width\":1440,\"height\":400},{\"@type\":\"BreadcrumbList\",\"@id\":\"https:\\\/\\\/fundacionlazaro.es\\\/ca\\\/viure-a-lazaro\\\/#breadcrumb\",\"itemListElement\":[{\"@type\":\"ListItem\",\"position\":1,\"name\":\"BIENVENIDA\",\"item\":\"https:\\\/\\\/fundacionlazaro.es\\\/ca\\\/\"},{\"@type\":\"ListItem\",\"position\":2,\"name\":\"Viure a L\u00e1zaro\"}]},{\"@type\":\"WebSite\",\"@id\":\"https:\\\/\\\/fundacionlazaro.es\\\/ca\\\/#website\",\"url\":\"https:\\\/\\\/fundacionlazaro.es\\\/ca\\\/\",\"name\":\"L\u00e1zaro Espa\u00f1a\",\"description\":\"Vivir juntos, tan simple como esto\",\"publisher\":{\"@id\":\"https:\\\/\\\/fundacionlazaro.es\\\/ca\\\/#organization\"},\"potentialAction\":[{\"@type\":\"SearchAction\",\"target\":{\"@type\":\"EntryPoint\",\"urlTemplate\":\"https:\\\/\\\/fundacionlazaro.es\\\/ca\\\/?s={search_term_string}\"},\"query-input\":{\"@type\":\"PropertyValueSpecification\",\"valueRequired\":true,\"valueName\":\"search_term_string\"}}],\"inLanguage\":\"ca\"},{\"@type\":\"Organization\",\"@id\":\"https:\\\/\\\/fundacionlazaro.es\\\/ca\\\/#organization\",\"name\":\"L\u00e1zaro Espa\u00f1a\",\"url\":\"https:\\\/\\\/fundacionlazaro.es\\\/ca\\\/\",\"logo\":{\"@type\":\"ImageObject\",\"inLanguage\":\"ca\",\"@id\":\"https:\\\/\\\/fundacionlazaro.es\\\/ca\\\/#\\\/schema\\\/logo\\\/image\\\/\",\"url\":\"https:\\\/\\\/fundacionlazaro.es\\\/wp-content\\\/uploads\\\/sites\\\/7\\\/2022\\\/03\\\/lazaro-mexico-logo-white.svg\",\"contentUrl\":\"https:\\\/\\\/fundacionlazaro.es\\\/wp-content\\\/uploads\\\/sites\\\/7\\\/2022\\\/03\\\/lazaro-mexico-logo-white.svg\",\"width\":1,\"height\":1,\"caption\":\"L\u00e1zaro Espa\u00f1a\"},\"image\":{\"@id\":\"https:\\\/\\\/fundacionlazaro.es\\\/ca\\\/#\\\/schema\\\/logo\\\/image\\\/\"}}]}<\/script>\n<!-- \/ Yoast SEO plugin. -->","yoast_head_json":{"title":"Viure a L\u00e1zaro - L\u00e1zaro Espa\u00f1a","description":"Els nostres pisos solidaris, col\u00b7laboratius i intergeneracionals, s\u00f3n una resposta a la solitud i la precarietat de les persones sense llar.","robots":{"index":"index","follow":"follow","max-snippet":"max-snippet:-1","max-image-preview":"max-image-preview:large","max-video-preview":"max-video-preview:-1"},"canonical":"https:\/\/fundacionlazaro.es\/ca\/viure-a-lazaro\/","og_locale":"ca_ES","og_type":"article","og_title":"Viure a L\u00e1zaro - L\u00e1zaro Espa\u00f1a","og_description":"Els nostres pisos solidaris, col\u00b7laboratius i intergeneracionals, s\u00f3n una resposta a la solitud i la precarietat de les persones sense llar.","og_url":"https:\/\/fundacionlazaro.es\/ca\/viure-a-lazaro\/","og_site_name":"L\u00e1zaro Espa\u00f1a","article_modified_time":"2023-10-03T09:44:48+00:00","og_image":[{"width":1440,"height":400,"url":"https:\/\/fundacionlazaro.es\/wp-content\/uploads\/sites\/7\/2021\/07\/Couv.jpg","type":"image\/jpeg"}],"twitter_card":"summary_large_image","schema":{"@context":"https:\/\/schema.org","@graph":[{"@type":"WebPage","@id":"https:\/\/fundacionlazaro.es\/ca\/viure-a-lazaro\/","url":"https:\/\/fundacionlazaro.es\/ca\/viure-a-lazaro\/","name":"Viure a L\u00e1zaro - L\u00e1zaro Espa\u00f1a","isPartOf":{"@id":"https:\/\/fundacionlazaro.es\/ca\/#website"},"primaryImageOfPage":{"@id":"https:\/\/fundacionlazaro.es\/ca\/viure-a-lazaro\/#primaryimage"},"image":{"@id":"https:\/\/fundacionlazaro.es\/ca\/viure-a-lazaro\/#primaryimage"},"thumbnailUrl":"https:\/\/fundacionlazaro.es\/wp-content\/uploads\/sites\/7\/2021\/07\/Couv.jpg","datePublished":"2021-06-04T12:17:52+00:00","dateModified":"2023-10-03T09:44:48+00:00","description":"Els nostres pisos solidaris, col\u00b7laboratius i intergeneracionals, s\u00f3n una resposta a la solitud i la precarietat de les persones sense llar.","breadcrumb":{"@id":"https:\/\/fundacionlazaro.es\/ca\/viure-a-lazaro\/#breadcrumb"},"inLanguage":"ca","potentialAction":[{"@type":"ReadAction","target":["https:\/\/fundacionlazaro.es\/ca\/viure-a-lazaro\/"]}]},{"@type":"ImageObject","inLanguage":"ca","@id":"https:\/\/fundacionlazaro.es\/ca\/viure-a-lazaro\/#primaryimage","url":"https:\/\/fundacionlazaro.es\/wp-content\/uploads\/sites\/7\/2021\/07\/Couv.jpg","contentUrl":"https:\/\/fundacionlazaro.es\/wp-content\/uploads\/sites\/7\/2021\/07\/Couv.jpg","width":1440,"height":400},{"@type":"BreadcrumbList","@id":"https:\/\/fundacionlazaro.es\/ca\/viure-a-lazaro\/#breadcrumb","itemListElement":[{"@type":"ListItem","position":1,"name":"BIENVENIDA","item":"https:\/\/fundacionlazaro.es\/ca\/"},{"@type":"ListItem","position":2,"name":"Viure a L\u00e1zaro"}]},{"@type":"WebSite","@id":"https:\/\/fundacionlazaro.es\/ca\/#website","url":"https:\/\/fundacionlazaro.es\/ca\/","name":"L\u00e1zaro Espa\u00f1a","description":"Vivir juntos, tan simple como esto","publisher":{"@id":"https:\/\/fundacionlazaro.es\/ca\/#organization"},"potentialAction":[{"@type":"SearchAction","target":{"@type":"EntryPoint","urlTemplate":"https:\/\/fundacionlazaro.es\/ca\/?s={search_term_string}"},"query-input":{"@type":"PropertyValueSpecification","valueRequired":true,"valueName":"search_term_string"}}],"inLanguage":"ca"},{"@type":"Organization","@id":"https:\/\/fundacionlazaro.es\/ca\/#organization","name":"L\u00e1zaro Espa\u00f1a","url":"https:\/\/fundacionlazaro.es\/ca\/","logo":{"@type":"ImageObject","inLanguage":"ca","@id":"https:\/\/fundacionlazaro.es\/ca\/#\/schema\/logo\/image\/","url":"https:\/\/fundacionlazaro.es\/wp-content\/uploads\/sites\/7\/2022\/03\/lazaro-mexico-logo-white.svg","contentUrl":"https:\/\/fundacionlazaro.es\/wp-content\/uploads\/sites\/7\/2022\/03\/lazaro-mexico-logo-white.svg","width":1,"height":1,"caption":"L\u00e1zaro Espa\u00f1a"},"image":{"@id":"https:\/\/fundacionlazaro.es\/ca\/#\/schema\/logo\/image\/"}}]}},"_links":{"self":[{"href":"https:\/\/fundacionlazaro.es\/ca\/wp-json\/wp\/v2\/pages\/6514","targetHints":{"allow":["GET"]}}],"collection":[{"href":"https:\/\/fundacionlazaro.es\/ca\/wp-json\/wp\/v2\/pages"}],"about":[{"href":"https:\/\/fundacionlazaro.es\/ca\/wp-json\/wp\/v2\/types\/page"}],"author":[{"embeddable":true,"href":"https:\/\/fundacionlazaro.es\/ca\/wp-json\/wp\/v2\/users\/22"}],"replies":[{"embeddable":true,"href":"https:\/\/fundacionlazaro.es\/ca\/wp-json\/wp\/v2\/comments?post=6514"}],"version-history":[{"count":0,"href":"https:\/\/fundacionlazaro.es\/ca\/wp-json\/wp\/v2\/pages\/6514\/revisions"}],"wp:featuredmedia":[{"embeddable":true,"href":"https:\/\/fundacionlazaro.es\/ca\/wp-json\/wp\/v2\/media\/6020"}],"wp:attachment":[{"href":"https:\/\/fundacionlazaro.es\/ca\/wp-json\/wp\/v2\/media?parent=6514"}],"curies":[{"name":"wp","href":"https:\/\/api.w.org\/{rel}","templated":true}]}}