{"id":6516,"date":"2021-03-11T15:49:23","date_gmt":"2021-03-11T15:49:23","guid":{"rendered":"https:\/\/lazaremulti-es.varjak.fr\/contacto\/"},"modified":"2023-10-07T17:21:16","modified_gmt":"2023-10-07T17:21:16","slug":"contacte","status":"publish","type":"page","link":"https:\/\/fundacionlazaro.es\/ca\/contacte\/","title":{"rendered":"Contacte"},"content":{"rendered":"","protected":false},"excerpt":{"rendered":"","protected":false},"author":22,"featured_media":6276,"parent":0,"menu_order":0,"comment_status":"closed","ping_status":"closed","template":"template-contact.php","meta":{"_acf_changed":false,"gtb_hide_title":false,"gtb_wrap_title":false,"gtb_class_title":"","gtb_remove_headerfooter":false,"gtb_custom_css":"","footnotes":""},"class_list":["post-6516","page","type-page","status-publish","has-post-thumbnail","hentry"],"acf":[],"yoast_head":"<!-- This site is optimized with the Yoast SEO plugin v27.3 - https:\/\/yoast.com\/product\/yoast-seo-wordpress\/ -->\n<title>Contacte - L\u00e1zaro Espa\u00f1a<\/title>\n<meta name=\"description\" content=\"Contacta amb l&#039;equip de la Fundaci\u00f3n Hogares L\u00e1zaro, on es desenvolupen pisos compartits entre persones sense llar i joves\" \/>\n<meta name=\"robots\" content=\"index, follow, max-snippet:-1, max-image-preview:large, max-video-preview:-1\" \/>\n<link rel=\"canonical\" href=\"https:\/\/fundacionlazaro.es\/ca\/contacte\/\" \/>\n<meta property=\"og:locale\" content=\"ca_ES\" \/>\n<meta property=\"og:type\" content=\"article\" \/>\n<meta property=\"og:title\" content=\"Contacte - L\u00e1zaro Espa\u00f1a\" \/>\n<meta property=\"og:description\" content=\"Contacta amb l&#039;equip de la Fundaci\u00f3n Hogares L\u00e1zaro, on es desenvolupen pisos compartits entre persones sense llar i joves\" \/>\n<meta property=\"og:url\" content=\"https:\/\/fundacionlazaro.es\/ca\/contacte\/\" \/>\n<meta property=\"og:site_name\" content=\"L\u00e1zaro Espa\u00f1a\" \/>\n<meta property=\"article:modified_time\" content=\"2023-10-07T17:21:16+00:00\" \/>\n<meta property=\"og:image\" content=\"https:\/\/fundacionlazaro.es\/wp-content\/uploads\/sites\/7\/2021\/10\/LAZARE-NANTES-10-2021-14-scaled-e1634906836606.jpg\" \/>\n\t<meta property=\"og:image:width\" content=\"2560\" \/>\n\t<meta property=\"og:image:height\" content=\"1369\" \/>\n\t<meta property=\"og:image:type\" content=\"image\/jpeg\" \/>\n<meta name=\"twitter:card\" content=\"summary_large_image\" \/>\n<script type=\"application\/ld+json\" class=\"yoast-schema-graph\">{\"@context\":\"https:\\\/\\\/schema.org\",\"@graph\":[{\"@type\":\"WebPage\",\"@id\":\"https:\\\/\\\/fundacionlazaro.es\\\/ca\\\/contacte\\\/\",\"url\":\"https:\\\/\\\/fundacionlazaro.es\\\/ca\\\/contacte\\\/\",\"name\":\"Contacte - L\u00e1zaro Espa\u00f1a\",\"isPartOf\":{\"@id\":\"https:\\\/\\\/fundacionlazaro.es\\\/ca\\\/#website\"},\"primaryImageOfPage\":{\"@id\":\"https:\\\/\\\/fundacionlazaro.es\\\/ca\\\/contacte\\\/#primaryimage\"},\"image\":{\"@id\":\"https:\\\/\\\/fundacionlazaro.es\\\/ca\\\/contacte\\\/#primaryimage\"},\"thumbnailUrl\":\"https:\\\/\\\/fundacionlazaro.es\\\/wp-content\\\/uploads\\\/sites\\\/7\\\/2021\\\/10\\\/LAZARE-NANTES-10-2021-14-scaled-e1634906836606.jpg\",\"datePublished\":\"2021-03-11T15:49:23+00:00\",\"dateModified\":\"2023-10-07T17:21:16+00:00\",\"description\":\"Contacta amb l'equip de la Fundaci\u00f3n Hogares L\u00e1zaro, on es desenvolupen pisos compartits entre persones sense llar i joves\",\"breadcrumb\":{\"@id\":\"https:\\\/\\\/fundacionlazaro.es\\\/ca\\\/contacte\\\/#breadcrumb\"},\"inLanguage\":\"ca\",\"potentialAction\":[{\"@type\":\"ReadAction\",\"target\":[\"https:\\\/\\\/fundacionlazaro.es\\\/ca\\\/contacte\\\/\"]}]},{\"@type\":\"ImageObject\",\"inLanguage\":\"ca\",\"@id\":\"https:\\\/\\\/fundacionlazaro.es\\\/ca\\\/contacte\\\/#primaryimage\",\"url\":\"https:\\\/\\\/fundacionlazaro.es\\\/wp-content\\\/uploads\\\/sites\\\/7\\\/2021\\\/10\\\/LAZARE-NANTES-10-2021-14-scaled-e1634906836606.jpg\",\"contentUrl\":\"https:\\\/\\\/fundacionlazaro.es\\\/wp-content\\\/uploads\\\/sites\\\/7\\\/2021\\\/10\\\/LAZARE-NANTES-10-2021-14-scaled-e1634906836606.jpg\",\"width\":2560,\"height\":1369,\"caption\":\"Maison de Nantes - Association Lazare\"},{\"@type\":\"BreadcrumbList\",\"@id\":\"https:\\\/\\\/fundacionlazaro.es\\\/ca\\\/contacte\\\/#breadcrumb\",\"itemListElement\":[{\"@type\":\"ListItem\",\"position\":1,\"name\":\"BIENVENIDA\",\"item\":\"https:\\\/\\\/fundacionlazaro.es\\\/ca\\\/\"},{\"@type\":\"ListItem\",\"position\":2,\"name\":\"Contacte\"}]},{\"@type\":\"WebSite\",\"@id\":\"https:\\\/\\\/fundacionlazaro.es\\\/ca\\\/#website\",\"url\":\"https:\\\/\\\/fundacionlazaro.es\\\/ca\\\/\",\"name\":\"L\u00e1zaro Espa\u00f1a\",\"description\":\"Vivir juntos, tan simple como esto\",\"publisher\":{\"@id\":\"https:\\\/\\\/fundacionlazaro.es\\\/ca\\\/#organization\"},\"potentialAction\":[{\"@type\":\"SearchAction\",\"target\":{\"@type\":\"EntryPoint\",\"urlTemplate\":\"https:\\\/\\\/fundacionlazaro.es\\\/ca\\\/?s={search_term_string}\"},\"query-input\":{\"@type\":\"PropertyValueSpecification\",\"valueRequired\":true,\"valueName\":\"search_term_string\"}}],\"inLanguage\":\"ca\"},{\"@type\":\"Organization\",\"@id\":\"https:\\\/\\\/fundacionlazaro.es\\\/ca\\\/#organization\",\"name\":\"L\u00e1zaro Espa\u00f1a\",\"url\":\"https:\\\/\\\/fundacionlazaro.es\\\/ca\\\/\",\"logo\":{\"@type\":\"ImageObject\",\"inLanguage\":\"ca\",\"@id\":\"https:\\\/\\\/fundacionlazaro.es\\\/ca\\\/#\\\/schema\\\/logo\\\/image\\\/\",\"url\":\"https:\\\/\\\/fundacionlazaro.es\\\/wp-content\\\/uploads\\\/sites\\\/7\\\/2022\\\/03\\\/lazaro-mexico-logo-white.svg\",\"contentUrl\":\"https:\\\/\\\/fundacionlazaro.es\\\/wp-content\\\/uploads\\\/sites\\\/7\\\/2022\\\/03\\\/lazaro-mexico-logo-white.svg\",\"width\":1,\"height\":1,\"caption\":\"L\u00e1zaro Espa\u00f1a\"},\"image\":{\"@id\":\"https:\\\/\\\/fundacionlazaro.es\\\/ca\\\/#\\\/schema\\\/logo\\\/image\\\/\"}}]}<\/script>\n<!-- \/ Yoast SEO plugin. -->","yoast_head_json":{"title":"Contacte - L\u00e1zaro Espa\u00f1a","description":"Contacta amb l'equip de la Fundaci\u00f3n Hogares L\u00e1zaro, on es desenvolupen pisos compartits entre persones sense llar i joves","robots":{"index":"index","follow":"follow","max-snippet":"max-snippet:-1","max-image-preview":"max-image-preview:large","max-video-preview":"max-video-preview:-1"},"canonical":"https:\/\/fundacionlazaro.es\/ca\/contacte\/","og_locale":"ca_ES","og_type":"article","og_title":"Contacte - L\u00e1zaro Espa\u00f1a","og_description":"Contacta amb l'equip de la Fundaci\u00f3n Hogares L\u00e1zaro, on es desenvolupen pisos compartits entre persones sense llar i joves","og_url":"https:\/\/fundacionlazaro.es\/ca\/contacte\/","og_site_name":"L\u00e1zaro Espa\u00f1a","article_modified_time":"2023-10-07T17:21:16+00:00","og_image":[{"width":2560,"height":1369,"url":"https:\/\/fundacionlazaro.es\/wp-content\/uploads\/sites\/7\/2021\/10\/LAZARE-NANTES-10-2021-14-scaled-e1634906836606.jpg","type":"image\/jpeg"}],"twitter_card":"summary_large_image","schema":{"@context":"https:\/\/schema.org","@graph":[{"@type":"WebPage","@id":"https:\/\/fundacionlazaro.es\/ca\/contacte\/","url":"https:\/\/fundacionlazaro.es\/ca\/contacte\/","name":"Contacte - L\u00e1zaro Espa\u00f1a","isPartOf":{"@id":"https:\/\/fundacionlazaro.es\/ca\/#website"},"primaryImageOfPage":{"@id":"https:\/\/fundacionlazaro.es\/ca\/contacte\/#primaryimage"},"image":{"@id":"https:\/\/fundacionlazaro.es\/ca\/contacte\/#primaryimage"},"thumbnailUrl":"https:\/\/fundacionlazaro.es\/wp-content\/uploads\/sites\/7\/2021\/10\/LAZARE-NANTES-10-2021-14-scaled-e1634906836606.jpg","datePublished":"2021-03-11T15:49:23+00:00","dateModified":"2023-10-07T17:21:16+00:00","description":"Contacta amb l'equip de la Fundaci\u00f3n Hogares L\u00e1zaro, on es desenvolupen pisos compartits entre persones sense llar i joves","breadcrumb":{"@id":"https:\/\/fundacionlazaro.es\/ca\/contacte\/#breadcrumb"},"inLanguage":"ca","potentialAction":[{"@type":"ReadAction","target":["https:\/\/fundacionlazaro.es\/ca\/contacte\/"]}]},{"@type":"ImageObject","inLanguage":"ca","@id":"https:\/\/fundacionlazaro.es\/ca\/contacte\/#primaryimage","url":"https:\/\/fundacionlazaro.es\/wp-content\/uploads\/sites\/7\/2021\/10\/LAZARE-NANTES-10-2021-14-scaled-e1634906836606.jpg","contentUrl":"https:\/\/fundacionlazaro.es\/wp-content\/uploads\/sites\/7\/2021\/10\/LAZARE-NANTES-10-2021-14-scaled-e1634906836606.jpg","width":2560,"height":1369,"caption":"Maison de Nantes - Association Lazare"},{"@type":"BreadcrumbList","@id":"https:\/\/fundacionlazaro.es\/ca\/contacte\/#breadcrumb","itemListElement":[{"@type":"ListItem","position":1,"name":"BIENVENIDA","item":"https:\/\/fundacionlazaro.es\/ca\/"},{"@type":"ListItem","position":2,"name":"Contacte"}]},{"@type":"WebSite","@id":"https:\/\/fundacionlazaro.es\/ca\/#website","url":"https:\/\/fundacionlazaro.es\/ca\/","name":"L\u00e1zaro Espa\u00f1a","description":"Vivir juntos, tan simple como esto","publisher":{"@id":"https:\/\/fundacionlazaro.es\/ca\/#organization"},"potentialAction":[{"@type":"SearchAction","target":{"@type":"EntryPoint","urlTemplate":"https:\/\/fundacionlazaro.es\/ca\/?s={search_term_string}"},"query-input":{"@type":"PropertyValueSpecification","valueRequired":true,"valueName":"search_term_string"}}],"inLanguage":"ca"},{"@type":"Organization","@id":"https:\/\/fundacionlazaro.es\/ca\/#organization","name":"L\u00e1zaro Espa\u00f1a","url":"https:\/\/fundacionlazaro.es\/ca\/","logo":{"@type":"ImageObject","inLanguage":"ca","@id":"https:\/\/fundacionlazaro.es\/ca\/#\/schema\/logo\/image\/","url":"https:\/\/fundacionlazaro.es\/wp-content\/uploads\/sites\/7\/2022\/03\/lazaro-mexico-logo-white.svg","contentUrl":"https:\/\/fundacionlazaro.es\/wp-content\/uploads\/sites\/7\/2022\/03\/lazaro-mexico-logo-white.svg","width":1,"height":1,"caption":"L\u00e1zaro Espa\u00f1a"},"image":{"@id":"https:\/\/fundacionlazaro.es\/ca\/#\/schema\/logo\/image\/"}}]}},"_links":{"self":[{"href":"https:\/\/fundacionlazaro.es\/ca\/wp-json\/wp\/v2\/pages\/6516","targetHints":{"allow":["GET"]}}],"collection":[{"href":"https:\/\/fundacionlazaro.es\/ca\/wp-json\/wp\/v2\/pages"}],"about":[{"href":"https:\/\/fundacionlazaro.es\/ca\/wp-json\/wp\/v2\/types\/page"}],"author":[{"embeddable":true,"href":"https:\/\/fundacionlazaro.es\/ca\/wp-json\/wp\/v2\/users\/22"}],"replies":[{"embeddable":true,"href":"https:\/\/fundacionlazaro.es\/ca\/wp-json\/wp\/v2\/comments?post=6516"}],"version-history":[{"count":0,"href":"https:\/\/fundacionlazaro.es\/ca\/wp-json\/wp\/v2\/pages\/6516\/revisions"}],"wp:featuredmedia":[{"embeddable":true,"href":"https:\/\/fundacionlazaro.es\/ca\/wp-json\/wp\/v2\/media\/6276"}],"wp:attachment":[{"href":"https:\/\/fundacionlazaro.es\/ca\/wp-json\/wp\/v2\/media?parent=6516"}],"curies":[{"name":"wp","href":"https:\/\/api.w.org\/{rel}","templated":true}]}}